{"id":10344,"date":"2024-04-04T08:01:42","date_gmt":"2024-04-04T08:01:42","guid":{"rendered":"https:\/\/sabo1845.com\/?post_type=product&#038;p=10344"},"modified":"2024-06-26T08:44:59","modified_gmt":"2024-06-26T08:44:59","slug":"olive-bratoel","status":"publish","type":"product","link":"https:\/\/sabo1845.com\/de\/produkt\/olive-bratoel\/","title":{"rendered":"Olive Brat\u00f6l"},"content":{"rendered":"<p>Entdecken Sie unser hochwertiges Olive Brat\u00f6l, das eine ausgewogene Mischung aus Oliven\u00f6l und Sonnenblumen\u00f6l High Oleic bietet. Diese spezielle Zusammensetzung verleiht Ihrer kalten und warmen mediterranen K\u00fcche eine einzigartige Vielseitigkeit.<\/p>\n<p>Unser Olive Brat\u00f6l zeichnet sich durch den hohen Anteil an Oliven\u00f6l Extra Vergine aus, das f\u00fcr seinen reichen Geschmack bekannt ist. Das enthaltene Sonnenblumen\u00f6l High Oleic sorgt f\u00fcr eine optimale Bratf\u00e4higkeit.<\/p>\n<p>Es ist eine ausgezeichnete Wahl f\u00fcr Salatdressings, Marinaden und Saucen, aber auch um zu Braten, Schmoren und D\u00fcnsten.<\/p>\n<p>&nbsp;<\/p>\n<p>&nbsp;<\/p>\n","protected":false},"excerpt":{"rendered":"<p>Entdecken Sie unser hochwertiges Olive Brat\u00f6l, das eine ausgewogene Mischung aus Oliven\u00f6l und Sonnenblumen\u00f6l High Oleic bietet. Diese spezielle Zusammensetzung<span class=\"excerpt-hellip\"> [\u2026]<\/span><\/p>\n","protected":false},"featured_media":10479,"comment_status":"open","ping_status":"closed","template":"","meta":[],"product_cat":[104,107],"product_tag":[],"wpr_featured_image":["https:\/\/sabo1845.com\/wp-content\/uploads\/2024\/06\/2024_Bratol_12L_Sabo-150x150.jpg",150,150,true],"_links":{"self":[{"href":"https:\/\/sabo1845.com\/de\/wp-json\/wp\/v2\/product\/10344"}],"collection":[{"href":"https:\/\/sabo1845.com\/de\/wp-json\/wp\/v2\/product"}],"about":[{"href":"https:\/\/sabo1845.com\/de\/wp-json\/wp\/v2\/types\/product"}],"replies":[{"embeddable":true,"href":"https:\/\/sabo1845.com\/de\/wp-json\/wp\/v2\/comments?post=10344"}],"wp:featuredmedia":[{"embeddable":true,"href":"https:\/\/sabo1845.com\/de\/wp-json\/wp\/v2\/media\/10479"}],"wp:attachment":[{"href":"https:\/\/sabo1845.com\/de\/wp-json\/wp\/v2\/media?parent=10344"}],"wp:term":[{"taxonomy":"product_cat","embeddable":true,"href":"https:\/\/sabo1845.com\/de\/wp-json\/wp\/v2\/product_cat?post=10344"},{"taxonomy":"product_tag","embeddable":true,"href":"https:\/\/sabo1845.com\/de\/wp-json\/wp\/v2\/product_tag?post=10344"}],"curies":[{"name":"wp","href":"https:\/\/api.w.org\/{rel}","templated":true}]}}