{"id":11061,"date":"2025-03-06T11:03:11","date_gmt":"2025-03-06T11:03:11","guid":{"rendered":"https:\/\/sabo1845.com\/?post_type=product&#038;p=11061"},"modified":"2025-03-13T09:44:59","modified_gmt":"2025-03-13T09:44:59","slug":"traubenkernoel-2","status":"publish","type":"product","link":"https:\/\/sabo1845.com\/de\/produkt\/traubenkernoel-2\/","title":{"rendered":"Traubenkern\u00f6l"},"content":{"rendered":"<p>Unser Traubenkern\u00f6l ist von heller Farbe und leicht am Gaumen.<\/p>\n<p>Traubenkern\u00f6l ist ideal f\u00fcr die warme und kalte K\u00fcche und eignet sich sowohl f\u00fcr Salate und Dressings als auch zum Marinieren, Braten, Schmoren und D\u00fcnsten.<\/p>\n","protected":false},"excerpt":{"rendered":"<p>Unser Traubenkern\u00f6l ist von heller Farbe und leicht am Gaumen. Traubenkern\u00f6l ist ideal f\u00fcr die warme und kalte K\u00fcche und<span class=\"excerpt-hellip\"> [\u2026]<\/span><\/p>\n","protected":false},"featured_media":11074,"comment_status":"open","ping_status":"closed","template":"","meta":[],"product_cat":[103,107],"product_tag":[],"wpr_featured_image":["https:\/\/sabo1845.com\/wp-content\/uploads\/2025\/03\/sabo_render_vinacciolo_500ml-1-e1741859189156-150x150.jpg",150,150,true],"_links":{"self":[{"href":"https:\/\/sabo1845.com\/de\/wp-json\/wp\/v2\/product\/11061"}],"collection":[{"href":"https:\/\/sabo1845.com\/de\/wp-json\/wp\/v2\/product"}],"about":[{"href":"https:\/\/sabo1845.com\/de\/wp-json\/wp\/v2\/types\/product"}],"replies":[{"embeddable":true,"href":"https:\/\/sabo1845.com\/de\/wp-json\/wp\/v2\/comments?post=11061"}],"wp:featuredmedia":[{"embeddable":true,"href":"https:\/\/sabo1845.com\/de\/wp-json\/wp\/v2\/media\/11074"}],"wp:attachment":[{"href":"https:\/\/sabo1845.com\/de\/wp-json\/wp\/v2\/media?parent=11061"}],"wp:term":[{"taxonomy":"product_cat","embeddable":true,"href":"https:\/\/sabo1845.com\/de\/wp-json\/wp\/v2\/product_cat?post=11061"},{"taxonomy":"product_tag","embeddable":true,"href":"https:\/\/sabo1845.com\/de\/wp-json\/wp\/v2\/product_tag?post=11061"}],"curies":[{"name":"wp","href":"https:\/\/api.w.org\/{rel}","templated":true}]}}