{"id":11273,"date":"2025-06-04T14:28:19","date_gmt":"2025-06-04T14:28:19","guid":{"rendered":"https:\/\/sabo1845.com\/?post_type=product&#038;p=11273"},"modified":"2025-06-04T14:38:06","modified_gmt":"2025-06-04T14:38:06","slug":"frittieroel-2","status":"publish","type":"product","link":"https:\/\/sabo1845.com\/de\/produkt\/frittieroel-2\/","title":{"rendered":"Frittier\u00f6l"},"content":{"rendered":"<p>Dieses Pflanzen\u00f6l ist ein ungeh\u00e4rtetes Frittier\u00f6l &#8211; reich an einfach unges\u00e4ttigten Fetts\u00e4uren und somit auch bei hohen Temperaturen stabil. Das ideale \u00d6l zum Frittieren und Braten.<\/p>\n","protected":false},"excerpt":{"rendered":"<p>Dieses Pflanzen\u00f6l ist ein ungeh\u00e4rtetes Frittier\u00f6l &#8211; reich an einfach unges\u00e4ttigten Fetts\u00e4uren und somit auch bei hohen Temperaturen stabil. Das<span class=\"excerpt-hellip\"> [\u2026]<\/span><\/p>\n","protected":false},"featured_media":11271,"comment_status":"open","ping_status":"closed","template":"","meta":[],"product_cat":[17,104,103,107],"product_tag":[],"wpr_featured_image":["https:\/\/sabo1845.com\/wp-content\/uploads\/2025\/06\/sabo_fritdore_3L_web-150x150.jpg",150,150,true],"_links":{"self":[{"href":"https:\/\/sabo1845.com\/de\/wp-json\/wp\/v2\/product\/11273"}],"collection":[{"href":"https:\/\/sabo1845.com\/de\/wp-json\/wp\/v2\/product"}],"about":[{"href":"https:\/\/sabo1845.com\/de\/wp-json\/wp\/v2\/types\/product"}],"replies":[{"embeddable":true,"href":"https:\/\/sabo1845.com\/de\/wp-json\/wp\/v2\/comments?post=11273"}],"wp:featuredmedia":[{"embeddable":true,"href":"https:\/\/sabo1845.com\/de\/wp-json\/wp\/v2\/media\/11271"}],"wp:attachment":[{"href":"https:\/\/sabo1845.com\/de\/wp-json\/wp\/v2\/media?parent=11273"}],"wp:term":[{"taxonomy":"product_cat","embeddable":true,"href":"https:\/\/sabo1845.com\/de\/wp-json\/wp\/v2\/product_cat?post=11273"},{"taxonomy":"product_tag","embeddable":true,"href":"https:\/\/sabo1845.com\/de\/wp-json\/wp\/v2\/product_tag?post=11273"}],"curies":[{"name":"wp","href":"https:\/\/api.w.org\/{rel}","templated":true}]}}