{"id":11510,"date":"2025-07-24T12:26:42","date_gmt":"2025-07-24T12:26:42","guid":{"rendered":"https:\/\/sabo1845.com\/?post_type=product&#038;p=11510"},"modified":"2025-07-24T12:54:13","modified_gmt":"2025-07-24T12:54:13","slug":"schweizer-frittieroel","status":"publish","type":"product","link":"https:\/\/sabo1845.com\/de\/produkt\/schweizer-frittieroel\/","title":{"rendered":"Schweizer Frittier\u00f6l"},"content":{"rendered":"<p>Die <a href=\"https:\/\/sabo1845.com\/de\/rohmaterial\/\">High-Oleic Sonnenblumen<\/a> wurden speziell gez\u00fcchtet, um ein Pflanzen\u00f6l zu schaffen, das sich hervorragend zum Frittieren eignet. Unser <strong data-start=\"289\" data-end=\"313\">Frittier- und Brat\u00f6l<\/strong> \u00fcberzeugt durch einen neutralen Geschmack und eine hohe Erhitzbarkeit. Dank der <strong data-start=\"394\" data-end=\"413\">Suisse Garantie<\/strong>-Zertifizierung und der ausschliesslich <strong data-start=\"453\" data-end=\"481\">schweizerischen Herkunft<\/strong> der Sonnenblumen garantieren wir ein \u00d6l, das h\u00f6chsten Anspr\u00fcchen gen\u00fcgt.<\/p>\n<p data-start=\"558\" data-end=\"752\">Durch kontinuierliche und sorgf\u00e4ltige Kontrollen stellen wir sicher, dass Sie stets ein Produkt von <strong data-start=\"658\" data-end=\"691\">gleichbleibend hoher Qualit\u00e4t<\/strong> und mit einem <strong data-start=\"706\" data-end=\"740\">ausgewogenen, reinen Geschmack<\/strong> erhalten.<\/p>\n","protected":false},"excerpt":{"rendered":"<p>Die High-Oleic Sonnenblumen wurden speziell gez\u00fcchtet, um ein Pflanzen\u00f6l zu schaffen, das sich hervorragend zum Frittieren eignet. Unser Frittier- und<span class=\"excerpt-hellip\"> [\u2026]<\/span><\/p>\n","protected":false},"featured_media":11506,"comment_status":"open","ping_status":"closed","template":"","meta":[],"product_cat":[104,103,107],"product_tag":[],"wpr_featured_image":["https:\/\/sabo1845.com\/wp-content\/uploads\/2025\/07\/sabo_girasole_ch_frittier_2L_3d_v0-e1753360332431-150x150.jpg",150,150,true],"_links":{"self":[{"href":"https:\/\/sabo1845.com\/de\/wp-json\/wp\/v2\/product\/11510"}],"collection":[{"href":"https:\/\/sabo1845.com\/de\/wp-json\/wp\/v2\/product"}],"about":[{"href":"https:\/\/sabo1845.com\/de\/wp-json\/wp\/v2\/types\/product"}],"replies":[{"embeddable":true,"href":"https:\/\/sabo1845.com\/de\/wp-json\/wp\/v2\/comments?post=11510"}],"wp:featuredmedia":[{"embeddable":true,"href":"https:\/\/sabo1845.com\/de\/wp-json\/wp\/v2\/media\/11506"}],"wp:attachment":[{"href":"https:\/\/sabo1845.com\/de\/wp-json\/wp\/v2\/media?parent=11510"}],"wp:term":[{"taxonomy":"product_cat","embeddable":true,"href":"https:\/\/sabo1845.com\/de\/wp-json\/wp\/v2\/product_cat?post=11510"},{"taxonomy":"product_tag","embeddable":true,"href":"https:\/\/sabo1845.com\/de\/wp-json\/wp\/v2\/product_tag?post=11510"}],"curies":[{"name":"wp","href":"https:\/\/api.w.org\/{rel}","templated":true}]}}