{"id":1435,"date":"2019-11-07T22:23:29","date_gmt":"2019-11-07T22:23:29","guid":{"rendered":"http:\/\/rrdesigntn.cluster028.hosting.ovh.net\/ra628947-ovh\/product\/hanfsamenoel\/"},"modified":"2024-06-26T07:44:46","modified_gmt":"2024-06-26T07:44:46","slug":"hanfsamenoel","status":"publish","type":"product","link":"https:\/\/sabo1845.com\/de\/produkt\/hanfsamenoel\/","title":{"rendered":"Hanfsamen\u00f6l"},"content":{"rendered":"<p>Unser wertvolles Hanfsamen\u00f6l wird aus den Samen gewonnen und kalt gepresst. Das daraus resultierende \u00d6l zeichnet sich durch eine satte, goldgr\u00fcne F\u00e4rbung aus und passt hervorragend zu kalten Speisen, Gem\u00fcsegerichten und Fisch.<\/p>\n<p>&nbsp;<\/p>\n<p>&nbsp;<\/p>\n","protected":false},"excerpt":{"rendered":"<p>Unser wertvolles Hanfsamen\u00f6l wird aus den Samen gewonnen und kalt gepresst. Das daraus resultierende \u00d6l zeichnet sich durch eine satte,<span class=\"excerpt-hellip\"> [\u2026]<\/span><\/p>\n","protected":false},"featured_media":6705,"comment_status":"open","ping_status":"closed","template":"","meta":[],"product_cat":[104,136,103],"product_tag":[],"wpr_featured_image":["https:\/\/sabo1845.com\/wp-content\/uploads\/2021\/08\/sabo_gc_canapa_3d_coop_250ml_v0-150x150.jpg",150,150,true],"_links":{"self":[{"href":"https:\/\/sabo1845.com\/de\/wp-json\/wp\/v2\/product\/1435"}],"collection":[{"href":"https:\/\/sabo1845.com\/de\/wp-json\/wp\/v2\/product"}],"about":[{"href":"https:\/\/sabo1845.com\/de\/wp-json\/wp\/v2\/types\/product"}],"replies":[{"embeddable":true,"href":"https:\/\/sabo1845.com\/de\/wp-json\/wp\/v2\/comments?post=1435"}],"wp:featuredmedia":[{"embeddable":true,"href":"https:\/\/sabo1845.com\/de\/wp-json\/wp\/v2\/media\/6705"}],"wp:attachment":[{"href":"https:\/\/sabo1845.com\/de\/wp-json\/wp\/v2\/media?parent=1435"}],"wp:term":[{"taxonomy":"product_cat","embeddable":true,"href":"https:\/\/sabo1845.com\/de\/wp-json\/wp\/v2\/product_cat?post=1435"},{"taxonomy":"product_tag","embeddable":true,"href":"https:\/\/sabo1845.com\/de\/wp-json\/wp\/v2\/product_tag?post=1435"}],"curies":[{"name":"wp","href":"https:\/\/api.w.org\/{rel}","templated":true}]}}