{"id":1444,"date":"2019-11-07T22:23:34","date_gmt":"2019-11-07T22:23:34","guid":{"rendered":"http:\/\/rrdesigntn.cluster028.hosting.ovh.net\/ra628947-ovh\/product\/sesamoel-2\/"},"modified":"2021-01-21T11:47:29","modified_gmt":"2021-01-21T11:47:29","slug":"sesamoel-2","status":"publish","type":"product","link":"https:\/\/sabo1845.com\/de\/produkt\/sesamoel-2\/","title":{"rendered":"Bio Sesam\u00f6l, ger\u00f6stet, econature"},"content":{"rendered":"<p>F\u00fcr die Zubereitung von Salaten, Saucen, dampfgegarten Gerichten, Braten oder orientalischen Speisen.<\/p>\n","protected":false},"excerpt":{"rendered":"<p>GER\u00d6STET<\/p>\n","protected":false},"featured_media":2381,"comment_status":"open","ping_status":"closed","template":"","meta":[],"product_cat":[135],"product_tag":[],"wpr_featured_image":["https:\/\/sabo1845.com\/wp-content\/uploads\/2019\/11\/ECONATURE-OLIO-DI-SESAMO_250-ml-copy-2-386x1024_SM-150x150.jpg",150,150,true],"_links":{"self":[{"href":"https:\/\/sabo1845.com\/de\/wp-json\/wp\/v2\/product\/1444"}],"collection":[{"href":"https:\/\/sabo1845.com\/de\/wp-json\/wp\/v2\/product"}],"about":[{"href":"https:\/\/sabo1845.com\/de\/wp-json\/wp\/v2\/types\/product"}],"replies":[{"embeddable":true,"href":"https:\/\/sabo1845.com\/de\/wp-json\/wp\/v2\/comments?post=1444"}],"wp:featuredmedia":[{"embeddable":true,"href":"https:\/\/sabo1845.com\/de\/wp-json\/wp\/v2\/media\/2381"}],"wp:attachment":[{"href":"https:\/\/sabo1845.com\/de\/wp-json\/wp\/v2\/media?parent=1444"}],"wp:term":[{"taxonomy":"product_cat","embeddable":true,"href":"https:\/\/sabo1845.com\/de\/wp-json\/wp\/v2\/product_cat?post=1444"},{"taxonomy":"product_tag","embeddable":true,"href":"https:\/\/sabo1845.com\/de\/wp-json\/wp\/v2\/product_tag?post=1444"}],"curies":[{"name":"wp","href":"https:\/\/api.w.org\/{rel}","templated":true}]}}