{"id":1447,"date":"2019-11-07T22:23:35","date_gmt":"2019-11-07T22:23:35","guid":{"rendered":"http:\/\/rrdesigntn.cluster028.hosting.ovh.net\/ra628947-ovh\/product\/haselnussoel\/"},"modified":"2021-01-21T11:10:23","modified_gmt":"2021-01-21T11:10:23","slug":"haselnussoel","status":"publish","type":"product","link":"https:\/\/sabo1845.com\/de\/produkt\/haselnussoel\/","title":{"rendered":"Bio Haselnuss\u00f6l, econature"},"content":{"rendered":"<p>Dieses \u00d6l ist in der Feinb\u00e4ckerei und bei der Zubereitung von Ofen-gerichten unverzichtbar.<\/p>\n","protected":false},"excerpt":{"rendered":"<p>KALTGEPRESST<\/p>\n","protected":false},"featured_media":5178,"comment_status":"open","ping_status":"closed","template":"","meta":[],"product_cat":[135],"product_tag":[],"wpr_featured_image":["https:\/\/sabo1845.com\/wp-content\/uploads\/2019\/11\/ECONATURE-OLIO-DI-NOCCIOLA_100ml-01-2019-copy-1-300x500_SM-150x150.jpg",150,150,true],"_links":{"self":[{"href":"https:\/\/sabo1845.com\/de\/wp-json\/wp\/v2\/product\/1447"}],"collection":[{"href":"https:\/\/sabo1845.com\/de\/wp-json\/wp\/v2\/product"}],"about":[{"href":"https:\/\/sabo1845.com\/de\/wp-json\/wp\/v2\/types\/product"}],"replies":[{"embeddable":true,"href":"https:\/\/sabo1845.com\/de\/wp-json\/wp\/v2\/comments?post=1447"}],"wp:featuredmedia":[{"embeddable":true,"href":"https:\/\/sabo1845.com\/de\/wp-json\/wp\/v2\/media\/5178"}],"wp:attachment":[{"href":"https:\/\/sabo1845.com\/de\/wp-json\/wp\/v2\/media?parent=1447"}],"wp:term":[{"taxonomy":"product_cat","embeddable":true,"href":"https:\/\/sabo1845.com\/de\/wp-json\/wp\/v2\/product_cat?post=1447"},{"taxonomy":"product_tag","embeddable":true,"href":"https:\/\/sabo1845.com\/de\/wp-json\/wp\/v2\/product_tag?post=1447"}],"curies":[{"name":"wp","href":"https:\/\/api.w.org\/{rel}","templated":true}]}}