{"id":1448,"date":"2019-11-07T22:23:35","date_gmt":"2019-11-07T22:23:35","guid":{"rendered":"http:\/\/rrdesigntn.cluster028.hosting.ovh.net\/ra628947-ovh\/product\/walnussoel\/"},"modified":"2021-01-21T11:09:49","modified_gmt":"2021-01-21T11:09:49","slug":"walnussoel","status":"publish","type":"product","link":"https:\/\/sabo1845.com\/de\/produkt\/walnussoel\/","title":{"rendered":"Bio Baumnuss\u00f6l, econature"},"content":{"rendered":"<p>Dieses \u00d6l passt perfekt zu Salat, Fisch und K\u00e4se. Ideal um gegrilltes Gem\u00fcse zu w\u00fcrzen oder f\u00fcr Desserts.<\/p>\n","protected":false},"excerpt":{"rendered":"<p>KALTGEPRESST<\/p>\n","protected":false},"featured_media":5182,"comment_status":"open","ping_status":"closed","template":"","meta":[],"product_cat":[135],"product_tag":[],"wpr_featured_image":["https:\/\/sabo1845.com\/wp-content\/uploads\/2019\/11\/ECONATURE-OLIO-DI-NOCE_100ml-copy-1-300x500_SM-150x150.jpg",150,150,true],"_links":{"self":[{"href":"https:\/\/sabo1845.com\/de\/wp-json\/wp\/v2\/product\/1448"}],"collection":[{"href":"https:\/\/sabo1845.com\/de\/wp-json\/wp\/v2\/product"}],"about":[{"href":"https:\/\/sabo1845.com\/de\/wp-json\/wp\/v2\/types\/product"}],"replies":[{"embeddable":true,"href":"https:\/\/sabo1845.com\/de\/wp-json\/wp\/v2\/comments?post=1448"}],"wp:featuredmedia":[{"embeddable":true,"href":"https:\/\/sabo1845.com\/de\/wp-json\/wp\/v2\/media\/5182"}],"wp:attachment":[{"href":"https:\/\/sabo1845.com\/de\/wp-json\/wp\/v2\/media?parent=1448"}],"wp:term":[{"taxonomy":"product_cat","embeddable":true,"href":"https:\/\/sabo1845.com\/de\/wp-json\/wp\/v2\/product_cat?post=1448"},{"taxonomy":"product_tag","embeddable":true,"href":"https:\/\/sabo1845.com\/de\/wp-json\/wp\/v2\/product_tag?post=1448"}],"curies":[{"name":"wp","href":"https:\/\/api.w.org\/{rel}","templated":true}]}}