{"id":1451,"date":"2019-11-07T22:23:37","date_gmt":"2019-11-07T22:23:37","guid":{"rendered":"http:\/\/rrdesigntn.cluster028.hosting.ovh.net\/ra628947-ovh\/product\/kuerbiskernoel\/"},"modified":"2021-01-21T11:09:11","modified_gmt":"2021-01-21T11:09:11","slug":"kuerbiskernoel","status":"publish","type":"product","link":"https:\/\/sabo1845.com\/de\/produkt\/kuerbiskernoel\/","title":{"rendered":"Bio K\u00fcrbiskern\u00f6l, econature"},"content":{"rendered":"<p>Ideal zur Verfeinerung von Salaten, Suppen, warmen Gerichten und K\u00e4se.<\/p>\n","protected":false},"excerpt":{"rendered":"<p>KALTGEPRESST<\/p>\n","protected":false},"featured_media":2408,"comment_status":"open","ping_status":"closed","template":"","meta":[],"product_cat":[135],"product_tag":[],"wpr_featured_image":["https:\/\/sabo1845.com\/wp-content\/uploads\/2019\/11\/ECONATURE-OLIO-DI-ZUCCA-TOSTATO_250ml-copy-3-386x1024_SM-150x150.jpg",150,150,true],"_links":{"self":[{"href":"https:\/\/sabo1845.com\/de\/wp-json\/wp\/v2\/product\/1451"}],"collection":[{"href":"https:\/\/sabo1845.com\/de\/wp-json\/wp\/v2\/product"}],"about":[{"href":"https:\/\/sabo1845.com\/de\/wp-json\/wp\/v2\/types\/product"}],"replies":[{"embeddable":true,"href":"https:\/\/sabo1845.com\/de\/wp-json\/wp\/v2\/comments?post=1451"}],"wp:featuredmedia":[{"embeddable":true,"href":"https:\/\/sabo1845.com\/de\/wp-json\/wp\/v2\/media\/2408"}],"wp:attachment":[{"href":"https:\/\/sabo1845.com\/de\/wp-json\/wp\/v2\/media?parent=1451"}],"wp:term":[{"taxonomy":"product_cat","embeddable":true,"href":"https:\/\/sabo1845.com\/de\/wp-json\/wp\/v2\/product_cat?post=1451"},{"taxonomy":"product_tag","embeddable":true,"href":"https:\/\/sabo1845.com\/de\/wp-json\/wp\/v2\/product_tag?post=1451"}],"curies":[{"name":"wp","href":"https:\/\/api.w.org\/{rel}","templated":true}]}}