{"id":1454,"date":"2019-11-07T22:23:39","date_gmt":"2019-11-07T22:23:39","guid":{"rendered":"http:\/\/rrdesigntn.cluster028.hosting.ovh.net\/ra628947-ovh\/product\/rapsoel-2\/"},"modified":"2024-06-27T09:54:58","modified_gmt":"2024-06-27T09:54:58","slug":"rapsoel-2","status":"publish","type":"product","link":"https:\/\/sabo1845.com\/de\/produkt\/rapsoel-2\/","title":{"rendered":"Raps\u00f6l"},"content":{"rendered":"<p>Raps\u00f6l aus Schweizer Anbau enth\u00e4lt Vitamin E, ist reich an einfach unges\u00e4ttigten Fetts\u00e4uren und weist einen hohen Gehalt an Omega-3-Fetts\u00e4uren auf. Raps\u00f6l ist ideal f\u00fcr die warme und kalte K\u00fcche und eignet sich sowohl f\u00fcr Salate und Dressings als auch beim Marinieren, Braten, Schmoren und D\u00fcnsten.<\/p>\n<p>&nbsp;<\/p>\n","protected":false},"excerpt":{"rendered":"<p>Raps\u00f6l aus Schweizer Anbau enth\u00e4lt Vitamin E, ist reich an einfach unges\u00e4ttigten Fetts\u00e4uren und weist einen hohen Gehalt an Omega-3-Fetts\u00e4uren<span class=\"excerpt-hellip\"> [\u2026]<\/span><\/p>\n","protected":false},"featured_media":10490,"comment_status":"open","ping_status":"closed","template":"","meta":[],"product_cat":[104,107],"product_tag":[],"wpr_featured_image":["https:\/\/sabo1845.com\/wp-content\/uploads\/2024\/06\/bbox_render_WEB_colce_v0-150x150.jpg",150,150,true],"_links":{"self":[{"href":"https:\/\/sabo1845.com\/de\/wp-json\/wp\/v2\/product\/1454"}],"collection":[{"href":"https:\/\/sabo1845.com\/de\/wp-json\/wp\/v2\/product"}],"about":[{"href":"https:\/\/sabo1845.com\/de\/wp-json\/wp\/v2\/types\/product"}],"replies":[{"embeddable":true,"href":"https:\/\/sabo1845.com\/de\/wp-json\/wp\/v2\/comments?post=1454"}],"wp:featuredmedia":[{"embeddable":true,"href":"https:\/\/sabo1845.com\/de\/wp-json\/wp\/v2\/media\/10490"}],"wp:attachment":[{"href":"https:\/\/sabo1845.com\/de\/wp-json\/wp\/v2\/media?parent=1454"}],"wp:term":[{"taxonomy":"product_cat","embeddable":true,"href":"https:\/\/sabo1845.com\/de\/wp-json\/wp\/v2\/product_cat?post=1454"},{"taxonomy":"product_tag","embeddable":true,"href":"https:\/\/sabo1845.com\/de\/wp-json\/wp\/v2\/product_tag?post=1454"}],"curies":[{"name":"wp","href":"https:\/\/api.w.org\/{rel}","templated":true}]}}