{"id":1456,"date":"2019-11-07T22:23:40","date_gmt":"2019-11-07T22:23:40","guid":{"rendered":"http:\/\/rrdesigntn.cluster028.hosting.ovh.net\/ra628947-ovh\/product\/rapsoelzubereitung-mit-buttergeschmack\/"},"modified":"2022-04-11T09:55:58","modified_gmt":"2022-04-11T09:55:58","slug":"rapsoelzubereitung-mit-buttergeschmack","status":"publish","type":"product","link":"https:\/\/sabo1845.com\/de\/produkt\/rapsoelzubereitung-mit-buttergeschmack\/","title":{"rendered":"Raps\u00f6lzubereitung mit Butter-Aroma"},"content":{"rendered":"<p>Dieses rein pflanzliche \u00d6l mit feinem Butter-Aroma eignet sich bestens zum Anbraten von Gem\u00fcse oder zum Abschmecken von ged\u00fcnsteten Gerichten. Hervorragend auch f\u00fcr die Zubereitung von frischem Geb\u00e4ck und Torten.<\/p>\n","protected":false},"excerpt":{"rendered":"<p>Dieses rein pflanzliche \u00d6l mit feinem Butter-Aroma eignet sich bestens zum Anbraten von Gem\u00fcse oder zum Abschmecken von ged\u00fcnsteten Gerichten.<span class=\"excerpt-hellip\"> [\u2026]<\/span><\/p>\n","protected":false},"featured_media":6818,"comment_status":"open","ping_status":"closed","template":"","meta":[],"product_cat":[104,136,103],"product_tag":[],"wpr_featured_image":["https:\/\/sabo1845.com\/wp-content\/uploads\/2021\/08\/sabo_gc_burro_3d_c_500ml-150x150.jpg",150,150,true],"_links":{"self":[{"href":"https:\/\/sabo1845.com\/de\/wp-json\/wp\/v2\/product\/1456"}],"collection":[{"href":"https:\/\/sabo1845.com\/de\/wp-json\/wp\/v2\/product"}],"about":[{"href":"https:\/\/sabo1845.com\/de\/wp-json\/wp\/v2\/types\/product"}],"replies":[{"embeddable":true,"href":"https:\/\/sabo1845.com\/de\/wp-json\/wp\/v2\/comments?post=1456"}],"wp:featuredmedia":[{"embeddable":true,"href":"https:\/\/sabo1845.com\/de\/wp-json\/wp\/v2\/media\/6818"}],"wp:attachment":[{"href":"https:\/\/sabo1845.com\/de\/wp-json\/wp\/v2\/media?parent=1456"}],"wp:term":[{"taxonomy":"product_cat","embeddable":true,"href":"https:\/\/sabo1845.com\/de\/wp-json\/wp\/v2\/product_cat?post=1456"},{"taxonomy":"product_tag","embeddable":true,"href":"https:\/\/sabo1845.com\/de\/wp-json\/wp\/v2\/product_tag?post=1456"}],"curies":[{"name":"wp","href":"https:\/\/api.w.org\/{rel}","templated":true}]}}