{"id":1457,"date":"2019-11-07T22:23:41","date_gmt":"2019-11-07T22:23:41","guid":{"rendered":"http:\/\/rrdesigntn.cluster028.hosting.ovh.net\/ra628947-ovh\/product\/kuerbiskernoel-geroestet\/"},"modified":"2022-04-11T09:54:48","modified_gmt":"2022-04-11T09:54:48","slug":"kuerbiskernoel-geroestet","status":"publish","type":"product","link":"https:\/\/sabo1845.com\/de\/produkt\/kuerbiskernoel-geroestet\/","title":{"rendered":"K\u00fcrbiskern\u00f6l"},"content":{"rendered":"<p>K\u00fcrbiskern\u00f6l ist ein hochwertiges Speise\u00f6l, das vor allem zum Verfeinern von Salaten und Vorspeisen, aber auch zum Veredeln gegarter Speisen wie Suppen oder gekochtem Gem\u00fcse verwendet wird. Charakteristisch f\u00fcr K\u00fcrbiskern\u00f6l ist die dunkle, gr\u00fcnliche Farbe und der leicht w\u00fcrzige Geschmack. Kaltgepresste \u00d6le k\u00f6nnen ihr Aroma am besten in der kalten K\u00fcche entfalten.<\/p>\n","protected":false},"excerpt":{"rendered":"<p>K\u00fcrbiskern\u00f6l ist ein hochwertiges Speise\u00f6l, das vor allem zum Verfeinern von Salaten und Vorspeisen, aber auch zum Veredeln gegarter Speisen<span class=\"excerpt-hellip\"> [\u2026]<\/span><\/p>\n","protected":false},"featured_media":7237,"comment_status":"open","ping_status":"closed","template":"","meta":[],"product_cat":[104,136,103],"product_tag":[],"wpr_featured_image":["https:\/\/sabo1845.com\/wp-content\/uploads\/2019\/11\/sabo_gc_zucca_3d_250ml_v1-150x150.jpg",150,150,true],"_links":{"self":[{"href":"https:\/\/sabo1845.com\/de\/wp-json\/wp\/v2\/product\/1457"}],"collection":[{"href":"https:\/\/sabo1845.com\/de\/wp-json\/wp\/v2\/product"}],"about":[{"href":"https:\/\/sabo1845.com\/de\/wp-json\/wp\/v2\/types\/product"}],"replies":[{"embeddable":true,"href":"https:\/\/sabo1845.com\/de\/wp-json\/wp\/v2\/comments?post=1457"}],"wp:featuredmedia":[{"embeddable":true,"href":"https:\/\/sabo1845.com\/de\/wp-json\/wp\/v2\/media\/7237"}],"wp:attachment":[{"href":"https:\/\/sabo1845.com\/de\/wp-json\/wp\/v2\/media?parent=1457"}],"wp:term":[{"taxonomy":"product_cat","embeddable":true,"href":"https:\/\/sabo1845.com\/de\/wp-json\/wp\/v2\/product_cat?post=1457"},{"taxonomy":"product_tag","embeddable":true,"href":"https:\/\/sabo1845.com\/de\/wp-json\/wp\/v2\/product_tag?post=1457"}],"curies":[{"name":"wp","href":"https:\/\/api.w.org\/{rel}","templated":true}]}}