{"id":1458,"date":"2019-11-07T22:23:41","date_gmt":"2019-11-07T22:23:41","guid":{"rendered":"http:\/\/rrdesigntn.cluster028.hosting.ovh.net\/ra628947-ovh\/product\/natives-olivenoel-extra-3\/"},"modified":"2022-04-11T09:55:11","modified_gmt":"2022-04-11T09:55:11","slug":"natives-olivenoel-extra-3","status":"publish","type":"product","link":"https:\/\/sabo1845.com\/de\/produkt\/natives-olivenoel-extra-3\/","title":{"rendered":"Oliven\u00f6l Extra Vergine"},"content":{"rendered":"<p>Dieses Oliven\u00f6l Extra Vergine zeichnet sich durch einen runden und harmonischen Geschmack aus, verstr\u00f6mt einen frischen Duft und hat eine gr\u00fcne Farbe. Der feine, ausgewogene Geschmack verfeinert jedes Gericht der mediterranen K\u00fcche.<\/p>\n","protected":false},"excerpt":{"rendered":"<p>Dieses Oliven\u00f6l Extra Vergine zeichnet sich durch einen runden und harmonischen Geschmack aus, verstr\u00f6mt einen frischen Duft und hat eine<span class=\"excerpt-hellip\"> [\u2026]<\/span><\/p>\n","protected":false},"featured_media":6798,"comment_status":"open","ping_status":"closed","template":"","meta":[],"product_cat":[104,136,103],"product_tag":[],"wpr_featured_image":["https:\/\/sabo1845.com\/wp-content\/uploads\/2021\/08\/sabo_gc_evo_3d_c_500ml-150x150.jpg",150,150,true],"_links":{"self":[{"href":"https:\/\/sabo1845.com\/de\/wp-json\/wp\/v2\/product\/1458"}],"collection":[{"href":"https:\/\/sabo1845.com\/de\/wp-json\/wp\/v2\/product"}],"about":[{"href":"https:\/\/sabo1845.com\/de\/wp-json\/wp\/v2\/types\/product"}],"replies":[{"embeddable":true,"href":"https:\/\/sabo1845.com\/de\/wp-json\/wp\/v2\/comments?post=1458"}],"wp:featuredmedia":[{"embeddable":true,"href":"https:\/\/sabo1845.com\/de\/wp-json\/wp\/v2\/media\/6798"}],"wp:attachment":[{"href":"https:\/\/sabo1845.com\/de\/wp-json\/wp\/v2\/media?parent=1458"}],"wp:term":[{"taxonomy":"product_cat","embeddable":true,"href":"https:\/\/sabo1845.com\/de\/wp-json\/wp\/v2\/product_cat?post=1458"},{"taxonomy":"product_tag","embeddable":true,"href":"https:\/\/sabo1845.com\/de\/wp-json\/wp\/v2\/product_tag?post=1458"}],"curies":[{"name":"wp","href":"https:\/\/api.w.org\/{rel}","templated":true}]}}