{"id":1472,"date":"2019-11-07T22:23:48","date_gmt":"2019-11-07T22:23:48","guid":{"rendered":"http:\/\/rrdesigntn.cluster028.hosting.ovh.net\/ra628947-ovh\/product\/natives-olivenoel-extra-5\/"},"modified":"2025-12-04T14:41:34","modified_gmt":"2025-12-04T14:41:34","slug":"natives-olivenoel-extra-5","status":"publish","type":"product","link":"https:\/\/sabo1845.com\/de\/produkt\/natives-olivenoel-extra-5\/","title":{"rendered":"Oliven\u00f6l Extra Vergine Mittelmeer"},"content":{"rendered":"<p>Erste G\u00fcteklasse &#8211; Direkt aus Oliven aus dem Mittelmeerraum ausschliesslich durch das mechanische Kaltpressverfahren gewonnen. S\u00fcsslich milder Duft. Dieses \u00d6l hat einen ebenso intensiven wie fruchtigen Geschmack und findet seine Verwendung sowohl in der kalten und warmen K\u00fcche, als auch beim Braten.<\/p>\n","protected":false},"excerpt":{"rendered":"<p>Erste G\u00fcteklasse &#8211; Direkt aus Oliven aus dem Mittelmeerraum ausschliesslich durch das mechanische Kaltpressverfahren gewonnen. S\u00fcsslich milder Duft. Dieses \u00d6l<span class=\"excerpt-hellip\"> [\u2026]<\/span><\/p>\n","protected":false},"featured_media":9050,"comment_status":"open","ping_status":"closed","template":"","meta":[],"product_cat":[103,107],"product_tag":[],"wpr_featured_image":["https:\/\/sabo1845.com\/wp-content\/uploads\/2023\/04\/sabo_render_olio_23_2-150x150.jpg",150,150,true],"_links":{"self":[{"href":"https:\/\/sabo1845.com\/de\/wp-json\/wp\/v2\/product\/1472"}],"collection":[{"href":"https:\/\/sabo1845.com\/de\/wp-json\/wp\/v2\/product"}],"about":[{"href":"https:\/\/sabo1845.com\/de\/wp-json\/wp\/v2\/types\/product"}],"replies":[{"embeddable":true,"href":"https:\/\/sabo1845.com\/de\/wp-json\/wp\/v2\/comments?post=1472"}],"wp:featuredmedia":[{"embeddable":true,"href":"https:\/\/sabo1845.com\/de\/wp-json\/wp\/v2\/media\/9050"}],"wp:attachment":[{"href":"https:\/\/sabo1845.com\/de\/wp-json\/wp\/v2\/media?parent=1472"}],"wp:term":[{"taxonomy":"product_cat","embeddable":true,"href":"https:\/\/sabo1845.com\/de\/wp-json\/wp\/v2\/product_cat?post=1472"},{"taxonomy":"product_tag","embeddable":true,"href":"https:\/\/sabo1845.com\/de\/wp-json\/wp\/v2\/product_tag?post=1472"}],"curies":[{"name":"wp","href":"https:\/\/api.w.org\/{rel}","templated":true}]}}