{"id":1474,"date":"2019-11-07T22:23:49","date_gmt":"2019-11-07T22:23:49","guid":{"rendered":"http:\/\/rrdesigntn.cluster028.hosting.ovh.net\/ra628947-ovh\/product\/olivenoel\/"},"modified":"2023-05-17T13:32:02","modified_gmt":"2023-05-17T13:32:02","slug":"olivenoel","status":"publish","type":"product","link":"https:\/\/sabo1845.com\/de\/produkt\/olivenoel\/","title":{"rendered":"Oliven\u00f6l"},"content":{"rendered":"<p>Durch seine Geschmacksneutralit\u00e4t findet dieses \u00d6l vielerlei Verwendung in der K\u00fcche, sowohl in der kalten, als auch in der warmen K\u00fcche.<\/p>\n","protected":false},"excerpt":{"rendered":"<p>Durch seine Geschmacksneutralit\u00e4t findet dieses \u00d6l vielerlei Verwendung in der K\u00fcche, sowohl in der kalten, als auch in der warmen<span class=\"excerpt-hellip\"> [\u2026]<\/span><\/p>\n","protected":false},"featured_media":9195,"comment_status":"open","ping_status":"closed","template":"","meta":[],"product_cat":[103,107],"product_tag":[],"wpr_featured_image":["https:\/\/sabo1845.com\/wp-content\/uploads\/2023\/05\/sabo_bott_raffinato_web-2-150x150.jpg",150,150,true],"_links":{"self":[{"href":"https:\/\/sabo1845.com\/de\/wp-json\/wp\/v2\/product\/1474"}],"collection":[{"href":"https:\/\/sabo1845.com\/de\/wp-json\/wp\/v2\/product"}],"about":[{"href":"https:\/\/sabo1845.com\/de\/wp-json\/wp\/v2\/types\/product"}],"replies":[{"embeddable":true,"href":"https:\/\/sabo1845.com\/de\/wp-json\/wp\/v2\/comments?post=1474"}],"wp:featuredmedia":[{"embeddable":true,"href":"https:\/\/sabo1845.com\/de\/wp-json\/wp\/v2\/media\/9195"}],"wp:attachment":[{"href":"https:\/\/sabo1845.com\/de\/wp-json\/wp\/v2\/media?parent=1474"}],"wp:term":[{"taxonomy":"product_cat","embeddable":true,"href":"https:\/\/sabo1845.com\/de\/wp-json\/wp\/v2\/product_cat?post=1474"},{"taxonomy":"product_tag","embeddable":true,"href":"https:\/\/sabo1845.com\/de\/wp-json\/wp\/v2\/product_tag?post=1474"}],"curies":[{"name":"wp","href":"https:\/\/api.w.org\/{rel}","templated":true}]}}