{"id":1475,"date":"2019-11-07T22:23:50","date_gmt":"2019-11-07T22:23:50","guid":{"rendered":"http:\/\/rrdesigntn.cluster028.hosting.ovh.net\/ra628947-ovh\/product\/natives-olivenoel-extra-7\/"},"modified":"2025-06-05T11:56:37","modified_gmt":"2025-06-05T11:56:37","slug":"natives-olivenoel-extra-7","status":"publish","type":"product","link":"https:\/\/sabo1845.com\/de\/produkt\/natives-olivenoel-extra-7\/","title":{"rendered":"Oliven\u00f6l Extra Vergine, Italien"},"content":{"rendered":"<p>Erste G\u00fcteklasse &#8211; Direkt aus italienischen Oliven ausschlie\u00dflich durch das mechanische Kaltpressverfahren gewonnen. Klar und harmonisch im Geschmack. Dieses \u00d6l hat einen fruchtigen und rassigen Geschmack und l\u00e4sst einen Hauch von s\u00fcssen Mandeln im Abgang erahnen. Empfehlenswert f\u00fcr die kalte und warme K\u00fcche sowie auch f\u00fcr hohe Temperaturen.<\/p>\n","protected":false},"excerpt":{"rendered":"<p>ITALIEN<\/p>\n","protected":false},"featured_media":9046,"comment_status":"open","ping_status":"closed","template":"","meta":[],"product_cat":[103,107],"product_tag":[],"wpr_featured_image":["https:\/\/sabo1845.com\/wp-content\/uploads\/2023\/04\/sabo_render_olio_23_1-150x150.jpg",150,150,true],"_links":{"self":[{"href":"https:\/\/sabo1845.com\/de\/wp-json\/wp\/v2\/product\/1475"}],"collection":[{"href":"https:\/\/sabo1845.com\/de\/wp-json\/wp\/v2\/product"}],"about":[{"href":"https:\/\/sabo1845.com\/de\/wp-json\/wp\/v2\/types\/product"}],"replies":[{"embeddable":true,"href":"https:\/\/sabo1845.com\/de\/wp-json\/wp\/v2\/comments?post=1475"}],"wp:featuredmedia":[{"embeddable":true,"href":"https:\/\/sabo1845.com\/de\/wp-json\/wp\/v2\/media\/9046"}],"wp:attachment":[{"href":"https:\/\/sabo1845.com\/de\/wp-json\/wp\/v2\/media?parent=1475"}],"wp:term":[{"taxonomy":"product_cat","embeddable":true,"href":"https:\/\/sabo1845.com\/de\/wp-json\/wp\/v2\/product_cat?post=1475"},{"taxonomy":"product_tag","embeddable":true,"href":"https:\/\/sabo1845.com\/de\/wp-json\/wp\/v2\/product_tag?post=1475"}],"curies":[{"name":"wp","href":"https:\/\/api.w.org\/{rel}","templated":true}]}}