{"id":1481,"date":"2019-11-07T22:23:54","date_gmt":"2019-11-07T22:23:54","guid":{"rendered":"http:\/\/rrdesigntn.cluster028.hosting.ovh.net\/ra628947-ovh\/product\/rapsoel-holl\/"},"modified":"2024-07-08T06:00:55","modified_gmt":"2024-07-08T06:00:55","slug":"rapsoel-holl","status":"publish","type":"product","link":"https:\/\/sabo1845.com\/de\/produkt\/rapsoel-holl\/","title":{"rendered":"Raps\u00f6l HOLL"},"content":{"rendered":"<p>Diese neue Rapssorte wurde speziell f\u00fcr das wiederholte, starke Erhitzen entwickelt und wird HOLL-Raps genannt. HOLL steht f\u00fcr High Oleic Low Linolenic (also mit hohen \u00d6ls\u00e4uren- und tiefem Linolens\u00e4urengehalt). Dieses raffinierte Schweizer Raps\u00f6l \u00fcberzeugt mit seinem neutralen Geschmack und wird vorzugsweise in der warmen K\u00fcche sowie zum Backen angewendet.<\/p>\n","protected":false},"excerpt":{"rendered":"<p>Diese neue Rapssorte wurde speziell f\u00fcr das wiederholte, starke Erhitzen entwickelt und wird HOLL-Raps genannt. HOLL steht f\u00fcr High Oleic<span class=\"excerpt-hellip\"> [\u2026]<\/span><\/p>\n","protected":false},"featured_media":10599,"comment_status":"open","ping_status":"closed","template":"","meta":[],"product_cat":[104,107],"product_tag":[],"wpr_featured_image":["https:\/\/sabo1845.com\/wp-content\/uploads\/2024\/07\/bbox_render_WEB_colzaholl-150x150.jpg",150,150,true],"_links":{"self":[{"href":"https:\/\/sabo1845.com\/de\/wp-json\/wp\/v2\/product\/1481"}],"collection":[{"href":"https:\/\/sabo1845.com\/de\/wp-json\/wp\/v2\/product"}],"about":[{"href":"https:\/\/sabo1845.com\/de\/wp-json\/wp\/v2\/types\/product"}],"replies":[{"embeddable":true,"href":"https:\/\/sabo1845.com\/de\/wp-json\/wp\/v2\/comments?post=1481"}],"wp:featuredmedia":[{"embeddable":true,"href":"https:\/\/sabo1845.com\/de\/wp-json\/wp\/v2\/media\/10599"}],"wp:attachment":[{"href":"https:\/\/sabo1845.com\/de\/wp-json\/wp\/v2\/media?parent=1481"}],"wp:term":[{"taxonomy":"product_cat","embeddable":true,"href":"https:\/\/sabo1845.com\/de\/wp-json\/wp\/v2\/product_cat?post=1481"},{"taxonomy":"product_tag","embeddable":true,"href":"https:\/\/sabo1845.com\/de\/wp-json\/wp\/v2\/product_tag?post=1481"}],"curies":[{"name":"wp","href":"https:\/\/api.w.org\/{rel}","templated":true}]}}