{"id":1482,"date":"2019-11-07T22:23:54","date_gmt":"2019-11-07T22:23:54","guid":{"rendered":"http:\/\/rrdesigntn.cluster028.hosting.ovh.net\/ra628947-ovh\/product\/sonnenblumenoel-2\/"},"modified":"2024-06-27T09:53:32","modified_gmt":"2024-06-27T09:53:32","slug":"sonnenblumenoel-2","status":"publish","type":"product","link":"https:\/\/sabo1845.com\/de\/produkt\/sonnenblumenoel-2\/","title":{"rendered":"Sonnenblumen\u00f6l"},"content":{"rendered":"<p>Sonnenblumen\u00f6l, bekannt f\u00fcr seine Geschmacksneutralit\u00e4t ist reich an mehrfach unges\u00e4ttigten Fetts\u00e4uren (Omega 6) und Vitamin E. Ideal f\u00fcr kalte Gerichte und Gem\u00fcse sowie auch f\u00fcr die warme K\u00fcche, f\u00fcr Bruschette, Suppen und Fleisch.<\/p>\n","protected":false},"excerpt":{"rendered":"<p>RAFFINIERT<\/p>\n","protected":false},"featured_media":10498,"comment_status":"open","ping_status":"closed","template":"","meta":[],"product_cat":[104,107],"product_tag":[],"wpr_featured_image":["https:\/\/sabo1845.com\/wp-content\/uploads\/2024\/06\/bbox_render_WEB_girasole_v0-150x150.jpg",150,150,true],"_links":{"self":[{"href":"https:\/\/sabo1845.com\/de\/wp-json\/wp\/v2\/product\/1482"}],"collection":[{"href":"https:\/\/sabo1845.com\/de\/wp-json\/wp\/v2\/product"}],"about":[{"href":"https:\/\/sabo1845.com\/de\/wp-json\/wp\/v2\/types\/product"}],"replies":[{"embeddable":true,"href":"https:\/\/sabo1845.com\/de\/wp-json\/wp\/v2\/comments?post=1482"}],"wp:featuredmedia":[{"embeddable":true,"href":"https:\/\/sabo1845.com\/de\/wp-json\/wp\/v2\/media\/10498"}],"wp:attachment":[{"href":"https:\/\/sabo1845.com\/de\/wp-json\/wp\/v2\/media?parent=1482"}],"wp:term":[{"taxonomy":"product_cat","embeddable":true,"href":"https:\/\/sabo1845.com\/de\/wp-json\/wp\/v2\/product_cat?post=1482"},{"taxonomy":"product_tag","embeddable":true,"href":"https:\/\/sabo1845.com\/de\/wp-json\/wp\/v2\/product_tag?post=1482"}],"curies":[{"name":"wp","href":"https:\/\/api.w.org\/{rel}","templated":true}]}}