{"id":1483,"date":"2019-11-07T22:23:56","date_gmt":"2019-11-07T22:23:56","guid":{"rendered":"http:\/\/rrdesigntn.cluster028.hosting.ovh.net\/ra628947-ovh\/product\/sonnenblumenoel-h-o\/"},"modified":"2024-06-27T09:51:19","modified_gmt":"2024-06-27T09:51:19","slug":"sonnenblumenoel-h-o","status":"publish","type":"product","link":"https:\/\/sabo1845.com\/de\/produkt\/sonnenblumenoel-h-o\/","title":{"rendered":"Sonnenblumen\u00f6l H.O."},"content":{"rendered":"<p>Dieses \u00d6l wird durch die Pressung einer speziellen Gattung Schweizer Sonnenblumen-Samen gewonnen und wurde speziell f\u00fcr die warme K\u00fcche entwickelt. Der hohe Anteil an einfach unges\u00e4ttigter Fetts\u00e4ure (\u00d6ls\u00e4ure) sorgt f\u00fcr einen hohen Rauchpunkt und h\u00e4lt das \u00d6l auch beim Braten und Frittieren stabil.<\/p>\n","protected":false},"excerpt":{"rendered":"<p>Dieses \u00d6l wird durch die Pressung einer speziellen Gattung Schweizer Sonnenblumen-Samen gewonnen und wurde speziell f\u00fcr die warme K\u00fcche entwickelt.<span class=\"excerpt-hellip\"> [\u2026]<\/span><\/p>\n","protected":false},"featured_media":10494,"comment_status":"open","ping_status":"closed","template":"","meta":[],"product_cat":[104,107],"product_tag":[],"wpr_featured_image":["https:\/\/sabo1845.com\/wp-content\/uploads\/2024\/06\/bbox_render_WEB_girasole_ho_v0-150x150.jpg",150,150,true],"_links":{"self":[{"href":"https:\/\/sabo1845.com\/de\/wp-json\/wp\/v2\/product\/1483"}],"collection":[{"href":"https:\/\/sabo1845.com\/de\/wp-json\/wp\/v2\/product"}],"about":[{"href":"https:\/\/sabo1845.com\/de\/wp-json\/wp\/v2\/types\/product"}],"replies":[{"embeddable":true,"href":"https:\/\/sabo1845.com\/de\/wp-json\/wp\/v2\/comments?post=1483"}],"wp:featuredmedia":[{"embeddable":true,"href":"https:\/\/sabo1845.com\/de\/wp-json\/wp\/v2\/media\/10494"}],"wp:attachment":[{"href":"https:\/\/sabo1845.com\/de\/wp-json\/wp\/v2\/media?parent=1483"}],"wp:term":[{"taxonomy":"product_cat","embeddable":true,"href":"https:\/\/sabo1845.com\/de\/wp-json\/wp\/v2\/product_cat?post=1483"},{"taxonomy":"product_tag","embeddable":true,"href":"https:\/\/sabo1845.com\/de\/wp-json\/wp\/v2\/product_tag?post=1483"}],"curies":[{"name":"wp","href":"https:\/\/api.w.org\/{rel}","templated":true}]}}