{"id":1484,"date":"2019-11-07T22:23:57","date_gmt":"2019-11-07T22:23:57","guid":{"rendered":"http:\/\/rrdesigntn.cluster028.hosting.ovh.net\/ra628947-ovh\/product\/erdnussoel-2\/"},"modified":"2024-06-27T09:49:45","modified_gmt":"2024-06-27T09:49:45","slug":"erdnussoel-2","status":"publish","type":"product","link":"https:\/\/sabo1845.com\/de\/produkt\/erdnussoel-2\/","title":{"rendered":"Erdnuss\u00f6l"},"content":{"rendered":"<p>Erdnuss\u00f6l eignet sich durch seinen neutralen Geschmack und die hohe Erhitzbarkeit sehr gut zum Frittieren. Erdnuss\u00f6l ist reich an Vitamin E und weist ein ausgewogenes Verh\u00e4ltnis zwischen einfach und mehrfach unges\u00e4ttigten Fetts\u00e4uren auf.<\/p>\n","protected":false},"excerpt":{"rendered":"<p>Erdnuss\u00f6l eignet sich durch seinen neutralen Geschmack und die hohe Erhitzbarkeit sehr gut zum Frittieren. Erdnuss\u00f6l ist reich an Vitamin<span class=\"excerpt-hellip\"> [\u2026]<\/span><\/p>\n","protected":false},"featured_media":10482,"comment_status":"open","ping_status":"closed","template":"","meta":[],"product_cat":[104,107],"product_tag":[],"wpr_featured_image":["https:\/\/sabo1845.com\/wp-content\/uploads\/2024\/06\/bbox_render_WEB_arachide_v0-150x150.jpg",150,150,true],"_links":{"self":[{"href":"https:\/\/sabo1845.com\/de\/wp-json\/wp\/v2\/product\/1484"}],"collection":[{"href":"https:\/\/sabo1845.com\/de\/wp-json\/wp\/v2\/product"}],"about":[{"href":"https:\/\/sabo1845.com\/de\/wp-json\/wp\/v2\/types\/product"}],"replies":[{"embeddable":true,"href":"https:\/\/sabo1845.com\/de\/wp-json\/wp\/v2\/comments?post=1484"}],"wp:featuredmedia":[{"embeddable":true,"href":"https:\/\/sabo1845.com\/de\/wp-json\/wp\/v2\/media\/10482"}],"wp:attachment":[{"href":"https:\/\/sabo1845.com\/de\/wp-json\/wp\/v2\/media?parent=1484"}],"wp:term":[{"taxonomy":"product_cat","embeddable":true,"href":"https:\/\/sabo1845.com\/de\/wp-json\/wp\/v2\/product_cat?post=1484"},{"taxonomy":"product_tag","embeddable":true,"href":"https:\/\/sabo1845.com\/de\/wp-json\/wp\/v2\/product_tag?post=1484"}],"curies":[{"name":"wp","href":"https:\/\/api.w.org\/{rel}","templated":true}]}}