{"id":1485,"date":"2019-11-07T22:23:57","date_gmt":"2019-11-07T22:23:57","guid":{"rendered":"http:\/\/rrdesigntn.cluster028.hosting.ovh.net\/ra628947-ovh\/product\/natives-olivenoel-extra-11\/"},"modified":"2024-06-27T09:48:45","modified_gmt":"2024-06-27T09:48:45","slug":"natives-olivenoel-extra-11","status":"publish","type":"product","link":"https:\/\/sabo1845.com\/de\/produkt\/natives-olivenoel-extra-11\/","title":{"rendered":"Oliven\u00f6l Extra Vergine aus Italien"},"content":{"rendered":"<p>Erste G\u00fcteklasse &#8211; Direkt aus italienischen Oliven ausschliesslich durch mechanische Pressverfahren gewonnen. Klar und harmonisch im Geschmack. Dieses \u00d6l hat einen fruchtigen und erfrischenden Geschmack mit einem Hauch von s\u00fcssen Mandeln. Empfehlenswert f\u00fcr die kalte und warme K\u00fcche sowie auch f\u00fcr ganz hohe Temperaturen.<\/p>\n","protected":false},"excerpt":{"rendered":"<p>ITALIEN<\/p>\n","protected":false},"featured_media":10502,"comment_status":"open","ping_status":"closed","template":"","meta":[],"product_cat":[104,107],"product_tag":[],"wpr_featured_image":["https:\/\/sabo1845.com\/wp-content\/uploads\/2024\/06\/bbox_render_WEB_ita_v0-150x150.jpg",150,150,true],"_links":{"self":[{"href":"https:\/\/sabo1845.com\/de\/wp-json\/wp\/v2\/product\/1485"}],"collection":[{"href":"https:\/\/sabo1845.com\/de\/wp-json\/wp\/v2\/product"}],"about":[{"href":"https:\/\/sabo1845.com\/de\/wp-json\/wp\/v2\/types\/product"}],"replies":[{"embeddable":true,"href":"https:\/\/sabo1845.com\/de\/wp-json\/wp\/v2\/comments?post=1485"}],"wp:featuredmedia":[{"embeddable":true,"href":"https:\/\/sabo1845.com\/de\/wp-json\/wp\/v2\/media\/10502"}],"wp:attachment":[{"href":"https:\/\/sabo1845.com\/de\/wp-json\/wp\/v2\/media?parent=1485"}],"wp:term":[{"taxonomy":"product_cat","embeddable":true,"href":"https:\/\/sabo1845.com\/de\/wp-json\/wp\/v2\/product_cat?post=1485"},{"taxonomy":"product_tag","embeddable":true,"href":"https:\/\/sabo1845.com\/de\/wp-json\/wp\/v2\/product_tag?post=1485"}],"curies":[{"name":"wp","href":"https:\/\/api.w.org\/{rel}","templated":true}]}}