{"id":1486,"date":"2019-11-07T22:23:58","date_gmt":"2019-11-07T22:23:58","guid":{"rendered":"http:\/\/rrdesigntn.cluster028.hosting.ovh.net\/ra628947-ovh\/product\/olivenoel-extra-vergine\/"},"modified":"2025-06-05T12:41:30","modified_gmt":"2025-06-05T12:41:30","slug":"olivenoel-extra-vergine","status":"publish","type":"product","link":"https:\/\/sabo1845.com\/de\/produkt\/olivenoel-extra-vergine\/","title":{"rendered":"Oliven\u00f6l Extra Vergine Mittelmeer"},"content":{"rendered":"<p>Oliven\u00f6l von erster Qualit\u00e4t, gewonnen allein durch die mechanische Pressung von Oliven aus dem Mittelmeerraum. Intensiver s\u00fcss-fruchtiger Geschmack. Ideal f\u00fcr die kalte K\u00fcche, wie auch f\u00fcr sehr hohe Temperaturen.<\/p>\n","protected":false},"excerpt":{"rendered":"<p>MITTELMEER<\/p>\n","protected":false},"featured_media":10506,"comment_status":"open","ping_status":"closed","template":"","meta":[],"product_cat":[104,107],"product_tag":[],"wpr_featured_image":["https:\/\/sabo1845.com\/wp-content\/uploads\/2024\/06\/bbox_render_WEB_mediterraneo_v0-150x150.jpg",150,150,true],"_links":{"self":[{"href":"https:\/\/sabo1845.com\/de\/wp-json\/wp\/v2\/product\/1486"}],"collection":[{"href":"https:\/\/sabo1845.com\/de\/wp-json\/wp\/v2\/product"}],"about":[{"href":"https:\/\/sabo1845.com\/de\/wp-json\/wp\/v2\/types\/product"}],"replies":[{"embeddable":true,"href":"https:\/\/sabo1845.com\/de\/wp-json\/wp\/v2\/comments?post=1486"}],"wp:featuredmedia":[{"embeddable":true,"href":"https:\/\/sabo1845.com\/de\/wp-json\/wp\/v2\/media\/10506"}],"wp:attachment":[{"href":"https:\/\/sabo1845.com\/de\/wp-json\/wp\/v2\/media?parent=1486"}],"wp:term":[{"taxonomy":"product_cat","embeddable":true,"href":"https:\/\/sabo1845.com\/de\/wp-json\/wp\/v2\/product_cat?post=1486"},{"taxonomy":"product_tag","embeddable":true,"href":"https:\/\/sabo1845.com\/de\/wp-json\/wp\/v2\/product_tag?post=1486"}],"curies":[{"name":"wp","href":"https:\/\/api.w.org\/{rel}","templated":true}]}}