{"id":1487,"date":"2019-11-07T22:23:59","date_gmt":"2019-11-07T22:23:59","guid":{"rendered":"http:\/\/rrdesigntn.cluster028.hosting.ovh.net\/ra628947-ovh\/product\/olivenoel-2\/"},"modified":"2024-06-27T09:42:11","modified_gmt":"2024-06-27T09:42:11","slug":"olivenoel-2","status":"publish","type":"product","link":"https:\/\/sabo1845.com\/de\/produkt\/olivenoel-2\/","title":{"rendered":"Oliven\u00f6l"},"content":{"rendered":"<p>Durch seine Geschmacksneutralit\u00e4t bietet dieses \u00d6l vielerlei Verwendungsm\u00f6glichkeiten in der K\u00fcche. Empfehlenswert f\u00fcr sowohl die Zubereitung von kalten und warmen Gerichten.<\/p>\n","protected":false},"excerpt":{"rendered":"<p>Durch seine Geschmacksneutralit\u00e4t bietet dieses \u00d6l vielerlei Verwendungsm\u00f6glichkeiten in der K\u00fcche. Empfehlenswert f\u00fcr sowohl die Zubereitung von kalten und warmen<span class=\"excerpt-hellip\"> [\u2026]<\/span><\/p>\n","protected":false},"featured_media":10510,"comment_status":"open","ping_status":"closed","template":"","meta":[],"product_cat":[104,107],"product_tag":[],"wpr_featured_image":["https:\/\/sabo1845.com\/wp-content\/uploads\/2024\/06\/bbox_render_WEB_raff_v0-150x150.jpg",150,150,true],"_links":{"self":[{"href":"https:\/\/sabo1845.com\/de\/wp-json\/wp\/v2\/product\/1487"}],"collection":[{"href":"https:\/\/sabo1845.com\/de\/wp-json\/wp\/v2\/product"}],"about":[{"href":"https:\/\/sabo1845.com\/de\/wp-json\/wp\/v2\/types\/product"}],"replies":[{"embeddable":true,"href":"https:\/\/sabo1845.com\/de\/wp-json\/wp\/v2\/comments?post=1487"}],"wp:featuredmedia":[{"embeddable":true,"href":"https:\/\/sabo1845.com\/de\/wp-json\/wp\/v2\/media\/10510"}],"wp:attachment":[{"href":"https:\/\/sabo1845.com\/de\/wp-json\/wp\/v2\/media?parent=1487"}],"wp:term":[{"taxonomy":"product_cat","embeddable":true,"href":"https:\/\/sabo1845.com\/de\/wp-json\/wp\/v2\/product_cat?post=1487"},{"taxonomy":"product_tag","embeddable":true,"href":"https:\/\/sabo1845.com\/de\/wp-json\/wp\/v2\/product_tag?post=1487"}],"curies":[{"name":"wp","href":"https:\/\/api.w.org\/{rel}","templated":true}]}}