{"id":1490,"date":"2019-11-07T22:24:00","date_gmt":"2019-11-07T22:24:00","guid":{"rendered":"http:\/\/rrdesigntn.cluster028.hosting.ovh.net\/ra628947-ovh\/product\/sonnenblumenoel-3\/"},"modified":"2020-10-30T10:59:28","modified_gmt":"2020-10-30T10:59:28","slug":"sonnenblumenoel-3","status":"publish","type":"product","link":"https:\/\/sabo1845.com\/de\/produkt\/sonnenblumenoel-3\/","title":{"rendered":"Bio Sonnenblumen\u00f6l"},"content":{"rendered":"<p>Ideal f\u00fcr Salate und die kalte K\u00fcche.<\/p>\n","protected":false},"excerpt":{"rendered":"<p>Ideal f\u00fcr Salate und die kalte K\u00fcche.<\/p>\n","protected":false},"featured_media":5915,"comment_status":"open","ping_status":"closed","template":"","meta":[],"product_cat":[104],"product_tag":[],"wpr_featured_image":["https:\/\/sabo1845.com\/wp-content\/uploads\/2020\/10\/Sabo_Bibox_neutro_20LT_WEB_sonnen-150x150.jpg",150,150,true],"_links":{"self":[{"href":"https:\/\/sabo1845.com\/de\/wp-json\/wp\/v2\/product\/1490"}],"collection":[{"href":"https:\/\/sabo1845.com\/de\/wp-json\/wp\/v2\/product"}],"about":[{"href":"https:\/\/sabo1845.com\/de\/wp-json\/wp\/v2\/types\/product"}],"replies":[{"embeddable":true,"href":"https:\/\/sabo1845.com\/de\/wp-json\/wp\/v2\/comments?post=1490"}],"wp:featuredmedia":[{"embeddable":true,"href":"https:\/\/sabo1845.com\/de\/wp-json\/wp\/v2\/media\/5915"}],"wp:attachment":[{"href":"https:\/\/sabo1845.com\/de\/wp-json\/wp\/v2\/media?parent=1490"}],"wp:term":[{"taxonomy":"product_cat","embeddable":true,"href":"https:\/\/sabo1845.com\/de\/wp-json\/wp\/v2\/product_cat?post=1490"},{"taxonomy":"product_tag","embeddable":true,"href":"https:\/\/sabo1845.com\/de\/wp-json\/wp\/v2\/product_tag?post=1490"}],"curies":[{"name":"wp","href":"https:\/\/api.w.org\/{rel}","templated":true}]}}