{"id":1495,"date":"2019-11-07T22:24:03","date_gmt":"2019-11-07T22:24:03","guid":{"rendered":"http:\/\/rrdesigntn.cluster028.hosting.ovh.net\/ra628947-ovh\/product\/raps-plus\/"},"modified":"2025-01-20T13:37:49","modified_gmt":"2025-01-20T13:37:49","slug":"raps-plus","status":"publish","type":"product","link":"https:\/\/sabo1845.com\/de\/produkt\/raps-plus\/","title":{"rendered":"RapsPlus"},"content":{"rendered":"<p>Sabo RapsPlus ist reich an Omega 3 Fetts\u00e4uren und zus\u00e4tzlich angereichert mit EPA und DHA (mehrfach unges\u00e4ttigte Fetts\u00e4uren) und Vitamin K. Kontinuierliche und sorgf\u00e4ltige Kontrollen sorgen seit Jahrzehnten f\u00fcr seine gleichbleibend hohe Qualit\u00e4t und einen ausgewogenen, milden Geschmack. Ein feines \u00d6l zum Braten, Backen, Kochen und f\u00fcr Salate.<\/p>\n","protected":false},"excerpt":{"rendered":"<p>Sabo RapsPlus ist reich an Omega 3 Fetts\u00e4uren und zus\u00e4tzlich angereichert mit EPA und DHA (mehrfach unges\u00e4ttigte Fetts\u00e4uren) und Vitamin<span class=\"excerpt-hellip\"> [\u2026]<\/span><\/p>\n","protected":false},"featured_media":10924,"comment_status":"open","ping_status":"closed","template":"","meta":[],"product_cat":[103,107],"product_tag":[],"wpr_featured_image":["https:\/\/sabo1845.com\/wp-content\/uploads\/2024\/12\/sabo_render_web_rapsplus_1L-150x150.jpg",150,150,true],"_links":{"self":[{"href":"https:\/\/sabo1845.com\/de\/wp-json\/wp\/v2\/product\/1495"}],"collection":[{"href":"https:\/\/sabo1845.com\/de\/wp-json\/wp\/v2\/product"}],"about":[{"href":"https:\/\/sabo1845.com\/de\/wp-json\/wp\/v2\/types\/product"}],"replies":[{"embeddable":true,"href":"https:\/\/sabo1845.com\/de\/wp-json\/wp\/v2\/comments?post=1495"}],"wp:featuredmedia":[{"embeddable":true,"href":"https:\/\/sabo1845.com\/de\/wp-json\/wp\/v2\/media\/10924"}],"wp:attachment":[{"href":"https:\/\/sabo1845.com\/de\/wp-json\/wp\/v2\/media?parent=1495"}],"wp:term":[{"taxonomy":"product_cat","embeddable":true,"href":"https:\/\/sabo1845.com\/de\/wp-json\/wp\/v2\/product_cat?post=1495"},{"taxonomy":"product_tag","embeddable":true,"href":"https:\/\/sabo1845.com\/de\/wp-json\/wp\/v2\/product_tag?post=1495"}],"curies":[{"name":"wp","href":"https:\/\/api.w.org\/{rel}","templated":true}]}}