{"id":1499,"date":"2019-11-07T22:24:04","date_gmt":"2019-11-07T22:24:04","guid":{"rendered":"http:\/\/rrdesigntn.cluster028.hosting.ovh.net\/ra628947-ovh\/product\/bonfrit-2\/"},"modified":"2025-01-20T13:47:07","modified_gmt":"2025-01-20T13:47:07","slug":"bonfrit-2","status":"publish","type":"product","link":"https:\/\/sabo1845.com\/de\/produkt\/bonfrit-2\/","title":{"rendered":"BonFrit"},"content":{"rendered":"<p>BonFrit eignet sich durch seinen neutralen Geschmack und die hohe Erhitzbarkeit sehr gut zum Frittieren. Durch die spezielle Sorte <a href=\"https:\/\/sabo1845.com\/de\/rohmaterial\/\">High Oleic Sonnenblume<\/a> und unsere kontinuierliche und sorgf\u00e4ltige Kontrolle resultiert eine gleichbleibend hohe Qualit\u00e4t und ein ausgewogener, reiner Geschmack unseres Sonnenblumen\u00f6ls.<\/p>\n","protected":false},"excerpt":{"rendered":"<p>BonFrit eignet sich durch seinen neutralen Geschmack und die hohe Erhitzbarkeit sehr gut zum Frittieren. Durch die spezielle Sorte High<span class=\"excerpt-hellip\"> [\u2026]<\/span><\/p>\n","protected":false},"featured_media":10868,"comment_status":"open","ping_status":"closed","template":"","meta":[],"product_cat":[104,103,107],"product_tag":[],"wpr_featured_image":["https:\/\/sabo1845.com\/wp-content\/uploads\/2024\/12\/sabo_render_web_bonfrit_3L-150x150.jpg",150,150,true],"_links":{"self":[{"href":"https:\/\/sabo1845.com\/de\/wp-json\/wp\/v2\/product\/1499"}],"collection":[{"href":"https:\/\/sabo1845.com\/de\/wp-json\/wp\/v2\/product"}],"about":[{"href":"https:\/\/sabo1845.com\/de\/wp-json\/wp\/v2\/types\/product"}],"replies":[{"embeddable":true,"href":"https:\/\/sabo1845.com\/de\/wp-json\/wp\/v2\/comments?post=1499"}],"wp:featuredmedia":[{"embeddable":true,"href":"https:\/\/sabo1845.com\/de\/wp-json\/wp\/v2\/media\/10868"}],"wp:attachment":[{"href":"https:\/\/sabo1845.com\/de\/wp-json\/wp\/v2\/media?parent=1499"}],"wp:term":[{"taxonomy":"product_cat","embeddable":true,"href":"https:\/\/sabo1845.com\/de\/wp-json\/wp\/v2\/product_cat?post=1499"},{"taxonomy":"product_tag","embeddable":true,"href":"https:\/\/sabo1845.com\/de\/wp-json\/wp\/v2\/product_tag?post=1499"}],"curies":[{"name":"wp","href":"https:\/\/api.w.org\/{rel}","templated":true}]}}