{"id":1500,"date":"2019-11-07T22:24:05","date_gmt":"2019-11-07T22:24:05","guid":{"rendered":"http:\/\/rrdesigntn.cluster028.hosting.ovh.net\/ra628947-ovh\/product\/sonnenblumenoel-5\/"},"modified":"2025-01-20T13:39:07","modified_gmt":"2025-01-20T13:39:07","slug":"sonnenblumenoel-5","status":"publish","type":"product","link":"https:\/\/sabo1845.com\/de\/produkt\/sonnenblumenoel-5\/","title":{"rendered":"Sonnenblumen\u00f6l"},"content":{"rendered":"<p>Unser Sonnenblumen\u00f6l ist schonend gepresst, enth\u00e4lt nat\u00fcrliches Vitamin E und ist angereichert mit Vitamin K. SONNE von Sabo besitzt einen hohen Anteil an unges\u00e4ttigten Fetts\u00e4uren. Unsere kontinuierliche und sorgf\u00e4ltige Kontrolle sorgt seit Jahrzehnten f\u00fcr die gleichbleibend hohe Qualit\u00e4t und einen ausgewogenen, reinen Geschmack unseres Sonnenblumen\u00f6ls. Sabo SONNE macht das Kochen, Backen und Braten zum Vergn\u00fcgen und ist leckerer Bestandteil von Salat. Ein wahrer Allesk\u00f6nner!<\/p>\n","protected":false},"excerpt":{"rendered":"<p>Unser Sonnenblumen\u00f6l ist schonend gepresst, enth\u00e4lt nat\u00fcrliches Vitamin E und ist angereichert mit Vitamin K. SONNE von Sabo besitzt einen<span class=\"excerpt-hellip\"> [\u2026]<\/span><\/p>\n","protected":false},"featured_media":10936,"comment_status":"open","ping_status":"closed","template":"","meta":[],"product_cat":[104,107],"product_tag":[],"wpr_featured_image":["https:\/\/sabo1845.com\/wp-content\/uploads\/2024\/12\/sabo_render_web_sonne_3L-150x150.jpg",150,150,true],"_links":{"self":[{"href":"https:\/\/sabo1845.com\/de\/wp-json\/wp\/v2\/product\/1500"}],"collection":[{"href":"https:\/\/sabo1845.com\/de\/wp-json\/wp\/v2\/product"}],"about":[{"href":"https:\/\/sabo1845.com\/de\/wp-json\/wp\/v2\/types\/product"}],"replies":[{"embeddable":true,"href":"https:\/\/sabo1845.com\/de\/wp-json\/wp\/v2\/comments?post=1500"}],"wp:featuredmedia":[{"embeddable":true,"href":"https:\/\/sabo1845.com\/de\/wp-json\/wp\/v2\/media\/10936"}],"wp:attachment":[{"href":"https:\/\/sabo1845.com\/de\/wp-json\/wp\/v2\/media?parent=1500"}],"wp:term":[{"taxonomy":"product_cat","embeddable":true,"href":"https:\/\/sabo1845.com\/de\/wp-json\/wp\/v2\/product_cat?post=1500"},{"taxonomy":"product_tag","embeddable":true,"href":"https:\/\/sabo1845.com\/de\/wp-json\/wp\/v2\/product_tag?post=1500"}],"curies":[{"name":"wp","href":"https:\/\/api.w.org\/{rel}","templated":true}]}}