{"id":1503,"date":"2019-11-07T22:24:06","date_gmt":"2019-11-07T22:24:06","guid":{"rendered":"http:\/\/rrdesigntn.cluster028.hosting.ovh.net\/ra628947-ovh\/product\/rapsoel-3\/"},"modified":"2025-01-20T14:03:01","modified_gmt":"2025-01-20T14:03:01","slug":"rapsoel-3","status":"publish","type":"product","link":"https:\/\/sabo1845.com\/de\/produkt\/rapsoel-3\/","title":{"rendered":"Raps\u00f6l"},"content":{"rendered":"<p>Raps\u00f6l enth\u00e4lt Vitamin E, ist reich an einfach unges\u00e4ttigten Fetts\u00e4uren und weist einen hohen Gehalt an Omega-3-Fetts\u00e4uren auf. Raps\u00f6l ist ideal f\u00fcr die warme und kalte K\u00fcche und eignet sich sowohl f\u00fcr Salate und Dressings als auch zum Marinieren, Braten, Schmoren und D\u00fcnsten.<\/p>\n","protected":false},"excerpt":{"rendered":"<p>Raps\u00f6l enth\u00e4lt Vitamin E, ist reich an einfach unges\u00e4ttigten Fetts\u00e4uren und weist einen hohen Gehalt an Omega-3-Fetts\u00e4uren auf. Raps\u00f6l ist<span class=\"excerpt-hellip\"> [\u2026]<\/span><\/p>\n","protected":false},"featured_media":10372,"comment_status":"open","ping_status":"closed","template":"","meta":[],"product_cat":[104,103,107],"product_tag":[],"wpr_featured_image":["https:\/\/sabo1845.com\/wp-content\/uploads\/2024\/04\/sabo_colza_1L_3d_web_v1-150x150.jpg",150,150,true],"_links":{"self":[{"href":"https:\/\/sabo1845.com\/de\/wp-json\/wp\/v2\/product\/1503"}],"collection":[{"href":"https:\/\/sabo1845.com\/de\/wp-json\/wp\/v2\/product"}],"about":[{"href":"https:\/\/sabo1845.com\/de\/wp-json\/wp\/v2\/types\/product"}],"replies":[{"embeddable":true,"href":"https:\/\/sabo1845.com\/de\/wp-json\/wp\/v2\/comments?post=1503"}],"wp:featuredmedia":[{"embeddable":true,"href":"https:\/\/sabo1845.com\/de\/wp-json\/wp\/v2\/media\/10372"}],"wp:attachment":[{"href":"https:\/\/sabo1845.com\/de\/wp-json\/wp\/v2\/media?parent=1503"}],"wp:term":[{"taxonomy":"product_cat","embeddable":true,"href":"https:\/\/sabo1845.com\/de\/wp-json\/wp\/v2\/product_cat?post=1503"},{"taxonomy":"product_tag","embeddable":true,"href":"https:\/\/sabo1845.com\/de\/wp-json\/wp\/v2\/product_tag?post=1503"}],"curies":[{"name":"wp","href":"https:\/\/api.w.org\/{rel}","templated":true}]}}