{"id":1506,"date":"2019-11-07T22:24:08","date_gmt":"2019-11-07T22:24:08","guid":{"rendered":"http:\/\/rrdesigntn.cluster028.hosting.ovh.net\/ra628947-ovh\/product\/sonnenblumenoel-7\/"},"modified":"2024-12-19T14:42:08","modified_gmt":"2024-12-19T14:42:08","slug":"sonnenblumenoel-7","status":"publish","type":"product","link":"https:\/\/sabo1845.com\/de\/produkt\/sonnenblumenoel-7\/","title":{"rendered":"Sonnenblumen\u00f6l"},"content":{"rendered":"<p>Schonend gepresst besitzt unser Sonnenblumen\u00f6l einen hohen Anteil an unges\u00e4ttigten Fetts\u00e4uren. Unsere kontinuierliche und sorgf\u00e4ltige Kontrolle sorgt f\u00fcr die gleichbleibend hohe Qualit\u00e4t und einen ausgewogenen, reinen Geschmack unseres Sonnenblumen\u00f6ls. Es macht das Kochen, Backen und Braten zum Vergn\u00fcgen und ist leckerer Bestandteil von Salat. Ein wahrer Allesk\u00f6nner!<\/p>\n","protected":false},"excerpt":{"rendered":"<p>Schonend gepresst besitzt unser Sonnenblumen\u00f6l einen hohen Anteil an unges\u00e4ttigten Fetts\u00e4uren. Unsere kontinuierliche und sorgf\u00e4ltige Kontrolle sorgt f\u00fcr die gleichbleibend<span class=\"excerpt-hellip\"> [\u2026]<\/span><\/p>\n","protected":false},"featured_media":10940,"comment_status":"open","ping_status":"closed","template":"","meta":[],"product_cat":[103,107],"product_tag":[],"wpr_featured_image":["https:\/\/sabo1845.com\/wp-content\/uploads\/2024\/12\/sabo_render_web_sonneol_1L-150x150.jpg",150,150,true],"_links":{"self":[{"href":"https:\/\/sabo1845.com\/de\/wp-json\/wp\/v2\/product\/1506"}],"collection":[{"href":"https:\/\/sabo1845.com\/de\/wp-json\/wp\/v2\/product"}],"about":[{"href":"https:\/\/sabo1845.com\/de\/wp-json\/wp\/v2\/types\/product"}],"replies":[{"embeddable":true,"href":"https:\/\/sabo1845.com\/de\/wp-json\/wp\/v2\/comments?post=1506"}],"wp:featuredmedia":[{"embeddable":true,"href":"https:\/\/sabo1845.com\/de\/wp-json\/wp\/v2\/media\/10940"}],"wp:attachment":[{"href":"https:\/\/sabo1845.com\/de\/wp-json\/wp\/v2\/media?parent=1506"}],"wp:term":[{"taxonomy":"product_cat","embeddable":true,"href":"https:\/\/sabo1845.com\/de\/wp-json\/wp\/v2\/product_cat?post=1506"},{"taxonomy":"product_tag","embeddable":true,"href":"https:\/\/sabo1845.com\/de\/wp-json\/wp\/v2\/product_tag?post=1506"}],"curies":[{"name":"wp","href":"https:\/\/api.w.org\/{rel}","templated":true}]}}