{"id":1511,"date":"2019-11-07T22:24:10","date_gmt":"2019-11-07T22:24:10","guid":{"rendered":"http:\/\/rrdesigntn.cluster028.hosting.ovh.net\/ra628947-ovh\/product\/sesamoel-3\/"},"modified":"2022-04-11T09:54:06","modified_gmt":"2022-04-11T09:54:06","slug":"sesamoel-3","status":"publish","type":"product","link":"https:\/\/sabo1845.com\/de\/produkt\/sesamoel-3\/","title":{"rendered":"Sesam\u00f6l"},"content":{"rendered":"<p>Der delikat ger\u00f6stete Geschmack gibt Ihren Gerichten eine orientalische Note. Dieses einzigartige \u00d6l passt hervorragend zu asiatischen Speisen. Zum Abrunden von gegrilltem Fisch, Fleisch und Gem\u00fcse kurz vor dem Servieren zugeben. Tipp: zum Verfeinern von Fondue Bourguignon.<\/p>\n","protected":false},"excerpt":{"rendered":"<p>Der delikat ger\u00f6stete Geschmack gibt Ihren Gerichten eine orientalische Note. Dieses einzigartige \u00d6l passt hervorragend zu asiatischen Speisen. Zum Abrunden<span class=\"excerpt-hellip\"> [\u2026]<\/span><\/p>\n","protected":false},"featured_media":6762,"comment_status":"open","ping_status":"closed","template":"","meta":[],"product_cat":[104,136,103],"product_tag":[],"wpr_featured_image":["https:\/\/sabo1845.com\/wp-content\/uploads\/2021\/08\/sabo_gc_sesamo_3d_c_250ml-150x150.jpg",150,150,true],"_links":{"self":[{"href":"https:\/\/sabo1845.com\/de\/wp-json\/wp\/v2\/product\/1511"}],"collection":[{"href":"https:\/\/sabo1845.com\/de\/wp-json\/wp\/v2\/product"}],"about":[{"href":"https:\/\/sabo1845.com\/de\/wp-json\/wp\/v2\/types\/product"}],"replies":[{"embeddable":true,"href":"https:\/\/sabo1845.com\/de\/wp-json\/wp\/v2\/comments?post=1511"}],"wp:featuredmedia":[{"embeddable":true,"href":"https:\/\/sabo1845.com\/de\/wp-json\/wp\/v2\/media\/6762"}],"wp:attachment":[{"href":"https:\/\/sabo1845.com\/de\/wp-json\/wp\/v2\/media?parent=1511"}],"wp:term":[{"taxonomy":"product_cat","embeddable":true,"href":"https:\/\/sabo1845.com\/de\/wp-json\/wp\/v2\/product_cat?post=1511"},{"taxonomy":"product_tag","embeddable":true,"href":"https:\/\/sabo1845.com\/de\/wp-json\/wp\/v2\/product_tag?post=1511"}],"curies":[{"name":"wp","href":"https:\/\/api.w.org\/{rel}","templated":true}]}}