{"id":1512,"date":"2019-11-07T22:24:11","date_gmt":"2019-11-07T22:24:11","guid":{"rendered":"http:\/\/rrdesigntn.cluster028.hosting.ovh.net\/ra628947-ovh\/product\/haselnussoel-2\/"},"modified":"2022-04-11T09:53:43","modified_gmt":"2022-04-11T09:53:43","slug":"haselnussoel-2","status":"publish","type":"product","link":"https:\/\/sabo1845.com\/de\/produkt\/haselnussoel-2\/","title":{"rendered":"Haselnuss\u00f6l"},"content":{"rendered":"<p>Dieses Feinkost-\u00d6l zeichnet sich durch seinen fruchtigen, zart-nussigen Geschmack aus. Ein fantastisches \u00d6l f\u00fcr alle Salate. Es passt zu K\u00e4seteller und verfeinert mit seinem einzigartigen Aroma Kuchen, Feingeb\u00e4ck und Dessert zu wahren K\u00f6stlichkeiten. Empfehlenswert auch f\u00fcr die Verfeinerung von Fondue Bourguignon.<\/p>\n<p>&nbsp;<\/p>\n","protected":false},"excerpt":{"rendered":"<p>Dieses Feinkost-\u00d6l zeichnet sich durch seinen fruchtigen, zart-nussigen Geschmack aus. Ein fantastisches \u00d6l f\u00fcr alle Salate. Es passt zu K\u00e4seteller<span class=\"excerpt-hellip\"> [\u2026]<\/span><\/p>\n","protected":false},"featured_media":6786,"comment_status":"open","ping_status":"closed","template":"","meta":[],"product_cat":[104,136,103],"product_tag":[],"wpr_featured_image":["https:\/\/sabo1845.com\/wp-content\/uploads\/2021\/08\/sabo_gc_nocciola_3d_c_500ml-150x150.jpg",150,150,true],"_links":{"self":[{"href":"https:\/\/sabo1845.com\/de\/wp-json\/wp\/v2\/product\/1512"}],"collection":[{"href":"https:\/\/sabo1845.com\/de\/wp-json\/wp\/v2\/product"}],"about":[{"href":"https:\/\/sabo1845.com\/de\/wp-json\/wp\/v2\/types\/product"}],"replies":[{"embeddable":true,"href":"https:\/\/sabo1845.com\/de\/wp-json\/wp\/v2\/comments?post=1512"}],"wp:featuredmedia":[{"embeddable":true,"href":"https:\/\/sabo1845.com\/de\/wp-json\/wp\/v2\/media\/6786"}],"wp:attachment":[{"href":"https:\/\/sabo1845.com\/de\/wp-json\/wp\/v2\/media?parent=1512"}],"wp:term":[{"taxonomy":"product_cat","embeddable":true,"href":"https:\/\/sabo1845.com\/de\/wp-json\/wp\/v2\/product_cat?post=1512"},{"taxonomy":"product_tag","embeddable":true,"href":"https:\/\/sabo1845.com\/de\/wp-json\/wp\/v2\/product_tag?post=1512"}],"curies":[{"name":"wp","href":"https:\/\/api.w.org\/{rel}","templated":true}]}}