{"id":1514,"date":"2019-11-07T22:24:13","date_gmt":"2019-11-07T22:24:13","guid":{"rendered":"http:\/\/rrdesigntn.cluster028.hosting.ovh.net\/ra628947-ovh\/product\/leinoel-2\/"},"modified":"2022-04-11T09:52:49","modified_gmt":"2022-04-11T09:52:49","slug":"leinoel-2","status":"publish","type":"product","link":"https:\/\/sabo1845.com\/de\/produkt\/leinoel-2\/","title":{"rendered":"Lein\u00f6l, entbittert"},"content":{"rendered":"<p>Die R\u00f6mer nannten es \u201cLinum Usitatissimum\u00bb, sehr n\u00fctzliches Lein. Durch den Filtrationsprozess ist unser \u00d6l mild und frisch im Geschmack. Es passt sehr gut zu kalten Gerichten, Salaten, ged\u00e4mpftem oder geschmortem Gem\u00fcse und zu K\u00e4se.<\/p>\n","protected":false},"excerpt":{"rendered":"<p>Die R\u00f6mer nannten es \u201cLinum Usitatissimum\u00bb, sehr n\u00fctzliches Lein. Durch den Filtrationsprozess ist unser \u00d6l mild und frisch im Geschmack.<span class=\"excerpt-hellip\"> [\u2026]<\/span><\/p>\n","protected":false},"featured_media":6794,"comment_status":"open","ping_status":"closed","template":"","meta":[],"product_cat":[104,136,103],"product_tag":[],"wpr_featured_image":["https:\/\/sabo1845.com\/wp-content\/uploads\/2021\/08\/sabo_gc_lino_3d_c_250ml-150x150.jpg",150,150,true],"_links":{"self":[{"href":"https:\/\/sabo1845.com\/de\/wp-json\/wp\/v2\/product\/1514"}],"collection":[{"href":"https:\/\/sabo1845.com\/de\/wp-json\/wp\/v2\/product"}],"about":[{"href":"https:\/\/sabo1845.com\/de\/wp-json\/wp\/v2\/types\/product"}],"replies":[{"embeddable":true,"href":"https:\/\/sabo1845.com\/de\/wp-json\/wp\/v2\/comments?post=1514"}],"wp:featuredmedia":[{"embeddable":true,"href":"https:\/\/sabo1845.com\/de\/wp-json\/wp\/v2\/media\/6794"}],"wp:attachment":[{"href":"https:\/\/sabo1845.com\/de\/wp-json\/wp\/v2\/media?parent=1514"}],"wp:term":[{"taxonomy":"product_cat","embeddable":true,"href":"https:\/\/sabo1845.com\/de\/wp-json\/wp\/v2\/product_cat?post=1514"},{"taxonomy":"product_tag","embeddable":true,"href":"https:\/\/sabo1845.com\/de\/wp-json\/wp\/v2\/product_tag?post=1514"}],"curies":[{"name":"wp","href":"https:\/\/api.w.org\/{rel}","templated":true}]}}