{"id":1515,"date":"2019-11-07T22:24:13","date_gmt":"2019-11-07T22:24:13","guid":{"rendered":"http:\/\/rrdesigntn.cluster028.hosting.ovh.net\/ra628947-ovh\/product\/olivenoel-mit-trueffelextrakt-aromatisiert\/"},"modified":"2022-04-11T09:53:09","modified_gmt":"2022-04-11T09:53:09","slug":"olivenoel-mit-trueffelextrakt-aromatisiert","status":"publish","type":"product","link":"https:\/\/sabo1845.com\/de\/produkt\/olivenoel-mit-trueffelextrakt-aromatisiert\/","title":{"rendered":"Oliven\u00f6l mit Tr\u00fcffel-Aroma"},"content":{"rendered":"<p>Das mit weissem Tr\u00fcffel aromatisierte Oliven\u00f6l wird f\u00fcr seinen intensiven und feinen Geschmack sehr gesch\u00e4tzt. Es eignet sich f\u00fcr Bruschetta, gebratenes und gegrilltes Fleisch, Pasta und Risotto. Ein paar Tropfen reichen aus, um Ihren Gerichten einen gehaltvollen Geschmack zu geben.<\/p>\n","protected":false},"excerpt":{"rendered":"<p>Das mit weissem Tr\u00fcffel aromatisierte Oliven\u00f6l wird f\u00fcr seinen intensiven und feinen Geschmack sehr gesch\u00e4tzt. Es eignet sich f\u00fcr Bruschetta,<span class=\"excerpt-hellip\"> [\u2026]<\/span><\/p>\n","protected":false},"featured_media":7073,"comment_status":"open","ping_status":"closed","template":"","meta":[],"product_cat":[104,136,103],"product_tag":[],"wpr_featured_image":["https:\/\/sabo1845.com\/wp-content\/uploads\/2021\/09\/sabo_gc_tartufo_3d_c_250ml_v0-150x150.jpg",150,150,true],"_links":{"self":[{"href":"https:\/\/sabo1845.com\/de\/wp-json\/wp\/v2\/product\/1515"}],"collection":[{"href":"https:\/\/sabo1845.com\/de\/wp-json\/wp\/v2\/product"}],"about":[{"href":"https:\/\/sabo1845.com\/de\/wp-json\/wp\/v2\/types\/product"}],"replies":[{"embeddable":true,"href":"https:\/\/sabo1845.com\/de\/wp-json\/wp\/v2\/comments?post=1515"}],"wp:featuredmedia":[{"embeddable":true,"href":"https:\/\/sabo1845.com\/de\/wp-json\/wp\/v2\/media\/7073"}],"wp:attachment":[{"href":"https:\/\/sabo1845.com\/de\/wp-json\/wp\/v2\/media?parent=1515"}],"wp:term":[{"taxonomy":"product_cat","embeddable":true,"href":"https:\/\/sabo1845.com\/de\/wp-json\/wp\/v2\/product_cat?post=1515"},{"taxonomy":"product_tag","embeddable":true,"href":"https:\/\/sabo1845.com\/de\/wp-json\/wp\/v2\/product_tag?post=1515"}],"curies":[{"name":"wp","href":"https:\/\/api.w.org\/{rel}","templated":true}]}}