{"id":1516,"date":"2019-11-07T22:24:14","date_gmt":"2019-11-07T22:24:14","guid":{"rendered":"http:\/\/rrdesigntn.cluster028.hosting.ovh.net\/ra628947-ovh\/product\/walnussoel-2\/"},"modified":"2022-04-11T09:52:03","modified_gmt":"2022-04-11T09:52:03","slug":"walnussoel-2","status":"publish","type":"product","link":"https:\/\/sabo1845.com\/de\/produkt\/walnussoel-2\/","title":{"rendered":"Walnuss\u00f6l"},"content":{"rendered":"<p>Dieses Feinschmecker-\u00d6l verleiht Ihren Speisen eine leicht nussige Note. Perfekter Begleiter zu Salaten, Fisch oder K\u00e4se. Ideal zum Verfeinern von gegrilltem Gem\u00fcse und Desserts. Nicht zum Erhitzen geeignet.<\/p>\n","protected":false},"excerpt":{"rendered":"<p>Dieses Feinschmecker-\u00d6l verleiht Ihren Speisen eine leicht nussige Note. Perfekter Begleiter zu Salaten, Fisch oder K\u00e4se. Ideal zum Verfeinern von<span class=\"excerpt-hellip\"> [\u2026]<\/span><\/p>\n","protected":false},"featured_media":6778,"comment_status":"open","ping_status":"closed","template":"","meta":[],"product_cat":[104,136,103],"product_tag":[],"wpr_featured_image":["https:\/\/sabo1845.com\/wp-content\/uploads\/2021\/08\/sabo_gc_noce_3d_c_250ml-150x150.jpg",150,150,true],"_links":{"self":[{"href":"https:\/\/sabo1845.com\/de\/wp-json\/wp\/v2\/product\/1516"}],"collection":[{"href":"https:\/\/sabo1845.com\/de\/wp-json\/wp\/v2\/product"}],"about":[{"href":"https:\/\/sabo1845.com\/de\/wp-json\/wp\/v2\/types\/product"}],"replies":[{"embeddable":true,"href":"https:\/\/sabo1845.com\/de\/wp-json\/wp\/v2\/comments?post=1516"}],"wp:featuredmedia":[{"embeddable":true,"href":"https:\/\/sabo1845.com\/de\/wp-json\/wp\/v2\/media\/6778"}],"wp:attachment":[{"href":"https:\/\/sabo1845.com\/de\/wp-json\/wp\/v2\/media?parent=1516"}],"wp:term":[{"taxonomy":"product_cat","embeddable":true,"href":"https:\/\/sabo1845.com\/de\/wp-json\/wp\/v2\/product_cat?post=1516"},{"taxonomy":"product_tag","embeddable":true,"href":"https:\/\/sabo1845.com\/de\/wp-json\/wp\/v2\/product_tag?post=1516"}],"curies":[{"name":"wp","href":"https:\/\/api.w.org\/{rel}","templated":true}]}}