{"id":1517,"date":"2019-11-07T22:24:14","date_gmt":"2019-11-07T22:24:14","guid":{"rendered":"http:\/\/rrdesigntn.cluster028.hosting.ovh.net\/ra628947-ovh\/product\/olivenoel-mit-peperoncino\/"},"modified":"2022-04-11T09:52:25","modified_gmt":"2022-04-11T09:52:25","slug":"olivenoel-mit-peperoncino","status":"publish","type":"product","link":"https:\/\/sabo1845.com\/de\/produkt\/olivenoel-mit-peperoncino\/","title":{"rendered":"Oliven\u00f6l mit Chili-Aroma"},"content":{"rendered":"<p>Das mit scharfer Paprika aromatisierte Oliven\u00f6l ist besonders f\u00fcr Salate, Gem\u00fcse, Spaghetti und jede Art von Bruschetta oder Pizza geeignet. Ein paar Tropfen reichen aus, um Ihren Gerichten einen gehaltvollen Geschmack zu geben.<\/p>\n<p>&nbsp;<\/p>\n","protected":false},"excerpt":{"rendered":"<p>Das mit scharfer Paprika aromatisierte Oliven\u00f6l ist besonders f\u00fcr Salate, Gem\u00fcse, Spaghetti und jede Art von Bruschetta oder Pizza geeignet.<span class=\"excerpt-hellip\"> [\u2026]<\/span><\/p>\n","protected":false},"featured_media":7077,"comment_status":"open","ping_status":"closed","template":"","meta":[],"product_cat":[104,136,103],"product_tag":[],"wpr_featured_image":["https:\/\/sabo1845.com\/wp-content\/uploads\/2021\/09\/sabo_gc_peperoncino_3d_c_250ml_v0-150x150.jpg",150,150,true],"_links":{"self":[{"href":"https:\/\/sabo1845.com\/de\/wp-json\/wp\/v2\/product\/1517"}],"collection":[{"href":"https:\/\/sabo1845.com\/de\/wp-json\/wp\/v2\/product"}],"about":[{"href":"https:\/\/sabo1845.com\/de\/wp-json\/wp\/v2\/types\/product"}],"replies":[{"embeddable":true,"href":"https:\/\/sabo1845.com\/de\/wp-json\/wp\/v2\/comments?post=1517"}],"wp:featuredmedia":[{"embeddable":true,"href":"https:\/\/sabo1845.com\/de\/wp-json\/wp\/v2\/media\/7077"}],"wp:attachment":[{"href":"https:\/\/sabo1845.com\/de\/wp-json\/wp\/v2\/media?parent=1517"}],"wp:term":[{"taxonomy":"product_cat","embeddable":true,"href":"https:\/\/sabo1845.com\/de\/wp-json\/wp\/v2\/product_cat?post=1517"},{"taxonomy":"product_tag","embeddable":true,"href":"https:\/\/sabo1845.com\/de\/wp-json\/wp\/v2\/product_tag?post=1517"}],"curies":[{"name":"wp","href":"https:\/\/api.w.org\/{rel}","templated":true}]}}