{"id":1518,"date":"2019-11-07T22:24:15","date_gmt":"2019-11-07T22:24:15","guid":{"rendered":"http:\/\/rrdesigntn.cluster028.hosting.ovh.net\/ra628947-ovh\/product\/olivenoel-mit-zitrone-aromatisiert\/"},"modified":"2022-04-11T09:51:37","modified_gmt":"2022-04-11T09:51:37","slug":"olivenoel-mit-zitrone-aromatisiert","status":"publish","type":"product","link":"https:\/\/sabo1845.com\/de\/produkt\/olivenoel-mit-zitrone-aromatisiert\/","title":{"rendered":"Oliven\u00f6l mit Zitronen-Aroma"},"content":{"rendered":"<p>Das mit Zitrone aromatisierte Oliven\u00f6l ist besonders f\u00fcr die Zubereitung von Saucen, Vinaigrette, raffinierten Pasta-Gerichten, kaltem Trockenfleisch und Schalentieren geeignet. Ausgezeichnet auch f\u00fcr die Zubereitung von Dessertspeisen, bei welcher Zitronenschale eingesetzt wird. Ein paar Tropfen reichen aus, um Ihren Gerichten einen gehaltvollen Geschmack zu geben.<\/p>\n","protected":false},"excerpt":{"rendered":"<p>Das mit Zitrone aromatisierte Oliven\u00f6l ist besonders f\u00fcr die Zubereitung von Saucen, Vinaigrette, raffinierten Pasta-Gerichten, kaltem Trockenfleisch und Schalentieren geeignet.<span class=\"excerpt-hellip\"> [\u2026]<\/span><\/p>\n","protected":false},"featured_media":7081,"comment_status":"open","ping_status":"closed","template":"","meta":[],"product_cat":[104,136,103],"product_tag":[],"wpr_featured_image":["https:\/\/sabo1845.com\/wp-content\/uploads\/2021\/09\/sabo_gc_limone_3d_c_250ml_v0-150x150.jpg",150,150,true],"_links":{"self":[{"href":"https:\/\/sabo1845.com\/de\/wp-json\/wp\/v2\/product\/1518"}],"collection":[{"href":"https:\/\/sabo1845.com\/de\/wp-json\/wp\/v2\/product"}],"about":[{"href":"https:\/\/sabo1845.com\/de\/wp-json\/wp\/v2\/types\/product"}],"replies":[{"embeddable":true,"href":"https:\/\/sabo1845.com\/de\/wp-json\/wp\/v2\/comments?post=1518"}],"wp:featuredmedia":[{"embeddable":true,"href":"https:\/\/sabo1845.com\/de\/wp-json\/wp\/v2\/media\/7081"}],"wp:attachment":[{"href":"https:\/\/sabo1845.com\/de\/wp-json\/wp\/v2\/media?parent=1518"}],"wp:term":[{"taxonomy":"product_cat","embeddable":true,"href":"https:\/\/sabo1845.com\/de\/wp-json\/wp\/v2\/product_cat?post=1518"},{"taxonomy":"product_tag","embeddable":true,"href":"https:\/\/sabo1845.com\/de\/wp-json\/wp\/v2\/product_tag?post=1518"}],"curies":[{"name":"wp","href":"https:\/\/api.w.org\/{rel}","templated":true}]}}