{"id":1522,"date":"2019-11-07T22:24:17","date_gmt":"2019-11-07T22:24:17","guid":{"rendered":"http:\/\/rrdesigntn.cluster028.hosting.ovh.net\/ra628947-ovh\/product\/wokoel-ingwer-lemongras\/"},"modified":"2023-10-18T09:22:52","modified_gmt":"2023-10-18T09:22:52","slug":"wokoel-ingwer-lemongras","status":"publish","type":"product","link":"https:\/\/sabo1845.com\/de\/produkt\/wokoel-ingwer-lemongras\/","title":{"rendered":"Wok\u00f6l mit Zitronengras\u00f6l und Ingwerextrakt"},"content":{"rendered":"<p>Eine k\u00f6stliche Mischung aus kaltgepresstem Raps\u00f6l und nat\u00fcrlichem Zitronengras\u00f6l, abgerundet mit einer Note Ingwer. Eine beliebte und bew\u00e4hrte Spezialit\u00e4t f\u00fcr Gew\u00fcrzliebhaber. Das \u00d6l verleiht vor allem asiatischen Gerichten einen frischen und aromatischen Geschmack mit einer angedeuteten Sch\u00e4rfe. Hervorragend geeignet f\u00fcr das Kochen mit dem Wok: Gem\u00fcse, Fisch, Gefl\u00fcgel oder Tofu. Auch die italienische Gem\u00fcsesuppe (Minestrone), Saucen und das einfache \u00d6l-Essiggemisch (Pinzimonio) erhalten ein leichtes scharfes Aroma, der auch S\u00fc\u00dfspeisen einen Hauch von Exotik verleiht.<\/p>\n","protected":false},"excerpt":{"rendered":"<p>Eine k\u00f6stliche Mischung aus kaltgepresstem Raps\u00f6l und nat\u00fcrlichem Zitronengras\u00f6l, abgerundet mit einer Note Ingwer. Eine beliebte und bew\u00e4hrte Spezialit\u00e4t f\u00fcr<span class=\"excerpt-hellip\"> [\u2026]<\/span><\/p>\n","protected":false},"featured_media":6750,"comment_status":"open","ping_status":"closed","template":"","meta":[],"product_cat":[136,103],"product_tag":[],"wpr_featured_image":["https:\/\/sabo1845.com\/wp-content\/uploads\/2021\/08\/sabo_gc_wok_3d_250ml-150x150.jpg",150,150,true],"_links":{"self":[{"href":"https:\/\/sabo1845.com\/de\/wp-json\/wp\/v2\/product\/1522"}],"collection":[{"href":"https:\/\/sabo1845.com\/de\/wp-json\/wp\/v2\/product"}],"about":[{"href":"https:\/\/sabo1845.com\/de\/wp-json\/wp\/v2\/types\/product"}],"replies":[{"embeddable":true,"href":"https:\/\/sabo1845.com\/de\/wp-json\/wp\/v2\/comments?post=1522"}],"wp:featuredmedia":[{"embeddable":true,"href":"https:\/\/sabo1845.com\/de\/wp-json\/wp\/v2\/media\/6750"}],"wp:attachment":[{"href":"https:\/\/sabo1845.com\/de\/wp-json\/wp\/v2\/media?parent=1522"}],"wp:term":[{"taxonomy":"product_cat","embeddable":true,"href":"https:\/\/sabo1845.com\/de\/wp-json\/wp\/v2\/product_cat?post=1522"},{"taxonomy":"product_tag","embeddable":true,"href":"https:\/\/sabo1845.com\/de\/wp-json\/wp\/v2\/product_tag?post=1522"}],"curies":[{"name":"wp","href":"https:\/\/api.w.org\/{rel}","templated":true}]}}