{"id":1548,"date":"2019-11-07T22:24:32","date_gmt":"2019-11-07T22:24:32","guid":{"rendered":"http:\/\/rrdesigntn.cluster028.hosting.ovh.net\/ra628947-ovh\/product\/kokosnussoel\/"},"modified":"2025-04-23T12:01:35","modified_gmt":"2025-04-23T12:01:35","slug":"kokosnussoel","status":"publish","type":"product","link":"https:\/\/sabo1845.com\/de\/produkt\/kokosnussoel\/","title":{"rendered":"Bio Kokosnuss\u00f6l, econature"},"content":{"rendered":"<p>Das biologische Kokosnuss\u00f6l ECONATURE! 100% VEGAN. Es wird aus den besten Kokospalmen an der Westk\u00fcste Sri Lankas gewonnen. Es kann als Alternative zur Butter verwendet werden, hat bei Raumtemperatur eine feste Konsistenz und verfl\u00fcssigt sich, sobald es erw\u00e4rmt wird. Durch den leicht nussigen und s\u00fcssen Geschmack vor allem f\u00fcr S\u00fcssspeisen geeignet oder f\u00fcr exotische Rezepte.<\/p>\n","protected":false},"excerpt":{"rendered":"<p>KALTGEPRESST<\/p>\n","protected":false},"featured_media":11128,"comment_status":"open","ping_status":"closed","template":"","meta":[],"product_cat":[135],"product_tag":[],"wpr_featured_image":["https:\/\/sabo1845.com\/wp-content\/uploads\/2019\/11\/ECONATURE_OLIO-DI-COCCO_200g--150x150.jpg",150,150,true],"_links":{"self":[{"href":"https:\/\/sabo1845.com\/de\/wp-json\/wp\/v2\/product\/1548"}],"collection":[{"href":"https:\/\/sabo1845.com\/de\/wp-json\/wp\/v2\/product"}],"about":[{"href":"https:\/\/sabo1845.com\/de\/wp-json\/wp\/v2\/types\/product"}],"replies":[{"embeddable":true,"href":"https:\/\/sabo1845.com\/de\/wp-json\/wp\/v2\/comments?post=1548"}],"wp:featuredmedia":[{"embeddable":true,"href":"https:\/\/sabo1845.com\/de\/wp-json\/wp\/v2\/media\/11128"}],"wp:attachment":[{"href":"https:\/\/sabo1845.com\/de\/wp-json\/wp\/v2\/media?parent=1548"}],"wp:term":[{"taxonomy":"product_cat","embeddable":true,"href":"https:\/\/sabo1845.com\/de\/wp-json\/wp\/v2\/product_cat?post=1548"},{"taxonomy":"product_tag","embeddable":true,"href":"https:\/\/sabo1845.com\/de\/wp-json\/wp\/v2\/product_tag?post=1548"}],"curies":[{"name":"wp","href":"https:\/\/api.w.org\/{rel}","templated":true}]}}