{"id":1552,"date":"2019-11-07T22:24:34","date_gmt":"2019-11-07T22:24:34","guid":{"rendered":"http:\/\/rrdesigntn.cluster028.hosting.ovh.net\/ra628947-ovh\/product\/hanfoel\/"},"modified":"2021-01-21T09:51:12","modified_gmt":"2021-01-21T09:51:12","slug":"hanfoel","status":"publish","type":"product","link":"https:\/\/sabo1845.com\/de\/produkt\/hanfoel\/","title":{"rendered":"Bio Hanfsamen\u00f6l, econature"},"content":{"rendered":"<p>Dieses besondere \u00d6l hat einen leicht nussigen Geschmack und ein grasiges Aroma. Somit passt es wunderbar zu kalten Speisen, Gem\u00fcse oder Fisch.<\/p>\n","protected":false},"excerpt":{"rendered":"<p>KALTEGEPRESST<\/p>\n","protected":false},"featured_media":5158,"comment_status":"open","ping_status":"closed","template":"","meta":[],"product_cat":[135],"product_tag":[],"wpr_featured_image":["https:\/\/sabo1845.com\/wp-content\/uploads\/2019\/11\/ECONATURE-OLIO-DI-CANAPA_250ml-copy-2-386x1024_SM-1-150x150.jpg",150,150,true],"_links":{"self":[{"href":"https:\/\/sabo1845.com\/de\/wp-json\/wp\/v2\/product\/1552"}],"collection":[{"href":"https:\/\/sabo1845.com\/de\/wp-json\/wp\/v2\/product"}],"about":[{"href":"https:\/\/sabo1845.com\/de\/wp-json\/wp\/v2\/types\/product"}],"replies":[{"embeddable":true,"href":"https:\/\/sabo1845.com\/de\/wp-json\/wp\/v2\/comments?post=1552"}],"wp:featuredmedia":[{"embeddable":true,"href":"https:\/\/sabo1845.com\/de\/wp-json\/wp\/v2\/media\/5158"}],"wp:attachment":[{"href":"https:\/\/sabo1845.com\/de\/wp-json\/wp\/v2\/media?parent=1552"}],"wp:term":[{"taxonomy":"product_cat","embeddable":true,"href":"https:\/\/sabo1845.com\/de\/wp-json\/wp\/v2\/product_cat?post=1552"},{"taxonomy":"product_tag","embeddable":true,"href":"https:\/\/sabo1845.com\/de\/wp-json\/wp\/v2\/product_tag?post=1552"}],"curies":[{"name":"wp","href":"https:\/\/api.w.org\/{rel}","templated":true}]}}