{"id":1562,"date":"2019-11-07T22:24:39","date_gmt":"2019-11-07T22:24:39","guid":{"rendered":"http:\/\/rrdesigntn.cluster028.hosting.ovh.net\/ra628947-ovh\/product\/frittieroel\/"},"modified":"2025-01-20T14:09:35","modified_gmt":"2025-01-20T14:09:35","slug":"frittieroel","status":"publish","type":"product","link":"https:\/\/sabo1845.com\/de\/produkt\/frittieroel\/","title":{"rendered":"Frittier\u00f6l"},"content":{"rendered":"<p>Die <a href=\"https:\/\/sabo1845.com\/de\/rohmaterial\/\">High-Oleic Sonnenblumen<\/a> wurden speziell gez\u00fcchtet, um ein Pflanzen\u00f6l zu schaffen, das sich hervorragend zum Frittieren eignet. Unser Frittier-Brat\u00f6l weist einen neutralen Geschmack und eine hohe Erhitzbarkeit auf. Durch die kontinuierliche und sorgf\u00e4ltige Kontrolle resultiert eine gleichbleibend hohe Qualit\u00e4t und ein ausgewogener, reiner Geschmack unseres Sonnenblumen\u00f6ls.<\/p>\n","protected":false},"excerpt":{"rendered":"<p>Die High-Oleic Sonnenblumen wurden speziell gez\u00fcchtet, um ein Pflanzen\u00f6l zu schaffen, das sich hervorragend zum Frittieren eignet. Unser Frittier-Brat\u00f6l weist<span class=\"excerpt-hellip\"> [\u2026]<\/span><\/p>\n","protected":false},"featured_media":10872,"comment_status":"open","ping_status":"closed","template":"","meta":[],"product_cat":[104,103,107],"product_tag":[],"wpr_featured_image":["https:\/\/sabo1845.com\/wp-content\/uploads\/2024\/12\/sabo_render_web_bratol_2L-150x150.jpg",150,150,true],"_links":{"self":[{"href":"https:\/\/sabo1845.com\/de\/wp-json\/wp\/v2\/product\/1562"}],"collection":[{"href":"https:\/\/sabo1845.com\/de\/wp-json\/wp\/v2\/product"}],"about":[{"href":"https:\/\/sabo1845.com\/de\/wp-json\/wp\/v2\/types\/product"}],"replies":[{"embeddable":true,"href":"https:\/\/sabo1845.com\/de\/wp-json\/wp\/v2\/comments?post=1562"}],"wp:featuredmedia":[{"embeddable":true,"href":"https:\/\/sabo1845.com\/de\/wp-json\/wp\/v2\/media\/10872"}],"wp:attachment":[{"href":"https:\/\/sabo1845.com\/de\/wp-json\/wp\/v2\/media?parent=1562"}],"wp:term":[{"taxonomy":"product_cat","embeddable":true,"href":"https:\/\/sabo1845.com\/de\/wp-json\/wp\/v2\/product_cat?post=1562"},{"taxonomy":"product_tag","embeddable":true,"href":"https:\/\/sabo1845.com\/de\/wp-json\/wp\/v2\/product_tag?post=1562"}],"curies":[{"name":"wp","href":"https:\/\/api.w.org\/{rel}","templated":true}]}}