{"id":1568,"date":"2019-11-07T22:24:43","date_gmt":"2019-11-07T22:24:43","guid":{"rendered":"http:\/\/rrdesigntn.cluster028.hosting.ovh.net\/ra628947-ovh\/product\/pizzaoel-2\/"},"modified":"2024-10-02T10:57:21","modified_gmt":"2024-10-02T10:57:21","slug":"pizzaoel-2","status":"publish","type":"product","link":"https:\/\/sabo1845.com\/de\/produkt\/pizzaoel-2\/","title":{"rendered":"Olio per Pizza Piccante"},"content":{"rendered":"<p>Das in den Mittelmeerl\u00e4ndern sehr beliebte Pizza\u00f6l ist die perfekte Verbindung von w\u00fcrzigen und schmackhaften Aromen.<\/p>\n<p>Nach einer umfassenden \u00dcberarbeitung des Produkts haben wir eine hochwertige Mischung auf Basis Oliven\u00f6l Extra Vergine mit sichtbaren Zutaten wie ganzen Chilischoten und Origano Gew\u00fcrzzugeben geschaffen. Das Produkt wird dadurch insgesamt sch\u00e4rfer und aromatischer.<\/p>\n<p>&nbsp;<\/p>\n<p>&nbsp;<\/p>\n","protected":false},"excerpt":{"rendered":"<p>Das in den Mittelmeerl\u00e4ndern sehr beliebte Pizza\u00f6l ist die perfekte Verbindung von w\u00fcrzigen und schmackhaften Aromen. Nach einer umfassenden \u00dcberarbeitung<span class=\"excerpt-hellip\"> [\u2026]<\/span><\/p>\n","protected":false},"featured_media":10783,"comment_status":"open","ping_status":"closed","template":"","meta":[],"product_cat":[104,136,103],"product_tag":[],"wpr_featured_image":["https:\/\/sabo1845.com\/wp-content\/uploads\/2019\/11\/sabo_GC_pizza_KV24-1-150x150.jpg",150,150,true],"_links":{"self":[{"href":"https:\/\/sabo1845.com\/de\/wp-json\/wp\/v2\/product\/1568"}],"collection":[{"href":"https:\/\/sabo1845.com\/de\/wp-json\/wp\/v2\/product"}],"about":[{"href":"https:\/\/sabo1845.com\/de\/wp-json\/wp\/v2\/types\/product"}],"replies":[{"embeddable":true,"href":"https:\/\/sabo1845.com\/de\/wp-json\/wp\/v2\/comments?post=1568"}],"wp:featuredmedia":[{"embeddable":true,"href":"https:\/\/sabo1845.com\/de\/wp-json\/wp\/v2\/media\/10783"}],"wp:attachment":[{"href":"https:\/\/sabo1845.com\/de\/wp-json\/wp\/v2\/media?parent=1568"}],"wp:term":[{"taxonomy":"product_cat","embeddable":true,"href":"https:\/\/sabo1845.com\/de\/wp-json\/wp\/v2\/product_cat?post=1568"},{"taxonomy":"product_tag","embeddable":true,"href":"https:\/\/sabo1845.com\/de\/wp-json\/wp\/v2\/product_tag?post=1568"}],"curies":[{"name":"wp","href":"https:\/\/api.w.org\/{rel}","templated":true}]}}