{"id":1569,"date":"2019-11-07T22:24:43","date_gmt":"2019-11-07T22:24:43","guid":{"rendered":"http:\/\/rrdesigntn.cluster028.hosting.ovh.net\/ra628947-ovh\/product\/soja-medallions\/"},"modified":"2022-05-05T13:23:46","modified_gmt":"2022-05-05T13:23:46","slug":"soja-medallions","status":"publish","type":"product","link":"https:\/\/sabo1845.com\/de\/produkt\/soja-medallions\/","title":{"rendered":"Soja-Medaillons"},"content":{"rendered":"<p>Unsere Medaillons sind der perfekte Fleischersatz. Sie sind vom Anbau bis zum Endprodukt gentechnikfrei und 100% biologisch produziert. Durch ihre Form sind sie ideal f\u00fcr Gebratenes aller Art. Durch die grosse Oberfl\u00e4che k\u00f6nnen sie in die gew\u00fcnschte Form geschnitten werden.<\/p>\n","protected":false},"excerpt":{"rendered":"<p>BIOLOGISCH<\/p>\n","protected":false},"featured_media":7473,"comment_status":"open","ping_status":"closed","template":"","meta":[],"product_cat":[109],"product_tag":[],"wpr_featured_image":["https:\/\/sabo1845.com\/wp-content\/uploads\/2019\/11\/Medaillos_gluten_Eurobio-150x150.jpg",150,150,true],"_links":{"self":[{"href":"https:\/\/sabo1845.com\/de\/wp-json\/wp\/v2\/product\/1569"}],"collection":[{"href":"https:\/\/sabo1845.com\/de\/wp-json\/wp\/v2\/product"}],"about":[{"href":"https:\/\/sabo1845.com\/de\/wp-json\/wp\/v2\/types\/product"}],"replies":[{"embeddable":true,"href":"https:\/\/sabo1845.com\/de\/wp-json\/wp\/v2\/comments?post=1569"}],"wp:featuredmedia":[{"embeddable":true,"href":"https:\/\/sabo1845.com\/de\/wp-json\/wp\/v2\/media\/7473"}],"wp:attachment":[{"href":"https:\/\/sabo1845.com\/de\/wp-json\/wp\/v2\/media?parent=1569"}],"wp:term":[{"taxonomy":"product_cat","embeddable":true,"href":"https:\/\/sabo1845.com\/de\/wp-json\/wp\/v2\/product_cat?post=1569"},{"taxonomy":"product_tag","embeddable":true,"href":"https:\/\/sabo1845.com\/de\/wp-json\/wp\/v2\/product_tag?post=1569"}],"curies":[{"name":"wp","href":"https:\/\/api.w.org\/{rel}","templated":true}]}}