{"id":1570,"date":"2019-11-07T22:24:44","date_gmt":"2019-11-07T22:24:44","guid":{"rendered":"http:\/\/rrdesigntn.cluster028.hosting.ovh.net\/ra628947-ovh\/product\/disteloel-3\/"},"modified":"2022-04-11T09:49:58","modified_gmt":"2022-04-11T09:49:58","slug":"disteloel-3","status":"publish","type":"product","link":"https:\/\/sabo1845.com\/de\/produkt\/disteloel-3\/","title":{"rendered":"Distel\u00f6l"},"content":{"rendered":"<p>Die F\u00e4rberdistel, oder &#8220;falscher Safran&#8221;, ist nach den Bl\u00fctenbl\u00e4ttern benannt, welche den nat\u00fcrlichen Farbstoff Carthamin enthalten und lange Zeit in F\u00e4rbereien verwendet wurden. Das Distel\u00f6l wird aus den Samen dieser Pflanze gewonnen, ist fl\u00fcssig und hat eine blassgelbe Farbe. Es besticht durch sein feines Aroma und ist mild und s\u00fcss im Geschmack. Dieses \u00d6l passt wunderbar zu Salaten, Gem\u00fcse und ist ideal zur Herstellung von Mayonnaise.<\/p>\n","protected":false},"excerpt":{"rendered":"<p>Die F\u00e4rberdistel, oder &#8220;falscher Safran&#8221;, ist nach den Bl\u00fctenbl\u00e4ttern benannt, welche den nat\u00fcrlichen Farbstoff Carthamin enthalten und lange Zeit in<span class=\"excerpt-hellip\"> [\u2026]<\/span><\/p>\n","protected":false},"featured_media":6810,"comment_status":"open","ping_status":"closed","template":"","meta":[],"product_cat":[104,136,103],"product_tag":[],"wpr_featured_image":["https:\/\/sabo1845.com\/wp-content\/uploads\/2021\/08\/sabo_gc_cartamo_3d_c_500ml-150x150.jpg",150,150,true],"_links":{"self":[{"href":"https:\/\/sabo1845.com\/de\/wp-json\/wp\/v2\/product\/1570"}],"collection":[{"href":"https:\/\/sabo1845.com\/de\/wp-json\/wp\/v2\/product"}],"about":[{"href":"https:\/\/sabo1845.com\/de\/wp-json\/wp\/v2\/types\/product"}],"replies":[{"embeddable":true,"href":"https:\/\/sabo1845.com\/de\/wp-json\/wp\/v2\/comments?post=1570"}],"wp:featuredmedia":[{"embeddable":true,"href":"https:\/\/sabo1845.com\/de\/wp-json\/wp\/v2\/media\/6810"}],"wp:attachment":[{"href":"https:\/\/sabo1845.com\/de\/wp-json\/wp\/v2\/media?parent=1570"}],"wp:term":[{"taxonomy":"product_cat","embeddable":true,"href":"https:\/\/sabo1845.com\/de\/wp-json\/wp\/v2\/product_cat?post=1570"},{"taxonomy":"product_tag","embeddable":true,"href":"https:\/\/sabo1845.com\/de\/wp-json\/wp\/v2\/product_tag?post=1570"}],"curies":[{"name":"wp","href":"https:\/\/api.w.org\/{rel}","templated":true}]}}