{"id":1919,"date":"2020-02-17T14:03:13","date_gmt":"2020-02-17T14:03:13","guid":{"rendered":"http:\/\/rrdesigntn.cluster028.hosting.ovh.net\/ra628947-ovh\/?post_type=product&#038;p=1919"},"modified":"2020-10-26T09:20:15","modified_gmt":"2020-10-26T09:20:15","slug":"selezione-unica","status":"publish","type":"product","link":"https:\/\/sabo1845.com\/de\/produkt\/selezione-unica\/","title":{"rendered":"Selezione Unica"},"content":{"rendered":"<p>F\u00fcr dieses \u00d6l verwendet Barbera eine spezielle Auswahl an \u00d6len aus dem Mittelmeerraum. Das Ergebnis ist eine Mischung mit niedrigem S\u00e4uregehalt, hohem N\u00e4hrwert und wunderbarem Duft. Eine einzigartige Auswahl an nativem Oliven\u00f6l extra. Die perfekte Balance zwischen S\u00fcsse, Frische mit Kr\u00e4uterduft und anhaltender Fruchtigkeit im Abgang macht dieses Produkt zu einem Geschmacksverst\u00e4rker, der den Geschmack jedes Rezepts bereichert.<\/p>\n","protected":false},"excerpt":{"rendered":"<p>F\u00fcr dieses \u00d6l verwendet Barbera eine spezielle Auswahl an \u00d6len aus dem Mittelmeerraum. Das Ergebnis ist eine Mischung mit niedrigem<span class=\"excerpt-hellip\"> [\u2026]<\/span><\/p>\n","protected":false},"featured_media":2827,"comment_status":"open","ping_status":"closed","template":"","meta":[],"product_cat":[111],"product_tag":[],"wpr_featured_image":["https:\/\/sabo1845.com\/wp-content\/uploads\/2020\/02\/Selezione-Unica-Tris-300x303_SM-150x150.jpg",150,150,true],"_links":{"self":[{"href":"https:\/\/sabo1845.com\/de\/wp-json\/wp\/v2\/product\/1919"}],"collection":[{"href":"https:\/\/sabo1845.com\/de\/wp-json\/wp\/v2\/product"}],"about":[{"href":"https:\/\/sabo1845.com\/de\/wp-json\/wp\/v2\/types\/product"}],"replies":[{"embeddable":true,"href":"https:\/\/sabo1845.com\/de\/wp-json\/wp\/v2\/comments?post=1919"}],"wp:featuredmedia":[{"embeddable":true,"href":"https:\/\/sabo1845.com\/de\/wp-json\/wp\/v2\/media\/2827"}],"wp:attachment":[{"href":"https:\/\/sabo1845.com\/de\/wp-json\/wp\/v2\/media?parent=1919"}],"wp:term":[{"taxonomy":"product_cat","embeddable":true,"href":"https:\/\/sabo1845.com\/de\/wp-json\/wp\/v2\/product_cat?post=1919"},{"taxonomy":"product_tag","embeddable":true,"href":"https:\/\/sabo1845.com\/de\/wp-json\/wp\/v2\/product_tag?post=1919"}],"curies":[{"name":"wp","href":"https:\/\/api.w.org\/{rel}","templated":true}]}}