{"id":1924,"date":"2020-02-14T14:06:48","date_gmt":"2020-02-14T14:06:48","guid":{"rendered":"http:\/\/rrdesigntn.cluster028.hosting.ovh.net\/ra628947-ovh\/?post_type=product&#038;p=1924"},"modified":"2025-10-23T08:36:35","modified_gmt":"2025-10-23T08:36:35","slug":"val-di-mazzara","status":"publish","type":"product","link":"https:\/\/sabo1845.com\/de\/produkt\/val-di-mazzara\/","title":{"rendered":"100% Italien"},"content":{"rendered":"<p data-start=\"100\" data-end=\"662\">Anl\u00e4sslich des 150. Jahrestages der Vereinigung Italiens pr\u00e4sentieren wir unser bestes \u00d6l mit einem Gedenketikett in den Farben der italienischen Flagge. Wir sind stolz darauf, mit unserer Produktion echte italienische Qualit\u00e4t zu bieten. Unser natives Oliven\u00f6l extra vereint die Vielfalt der regionalen K\u00fcche Italiens in einem Produkt. Das Gedenketikett steht f\u00fcr Geschichte, Tradition und Qualit\u00e4t. Hergestellt zu <strong data-start=\"516\" data-end=\"536\">100\u202f% in Italien<\/strong>, stammt unser \u00d6l ausschliesslich aus Oliven, die in Italien geerntet, gepresst und abgef\u00fcllt werden.<\/p>\n","protected":false},"excerpt":{"rendered":"<p>Anl\u00e4sslich des 150. Jahrestages der Vereinigung Italiens pr\u00e4sentieren wir unser bestes \u00d6l mit einem Gedenketikett in den Farben der italienischen<span class=\"excerpt-hellip\"> [\u2026]<\/span><\/p>\n","protected":false},"featured_media":11720,"comment_status":"open","ping_status":"closed","template":"","meta":[],"product_cat":[111],"product_tag":[],"wpr_featured_image":["https:\/\/sabo1845.com\/wp-content\/uploads\/2025\/10\/Olio-Barbera-100_Italy_2025-150x150.jpg",150,150,true],"_links":{"self":[{"href":"https:\/\/sabo1845.com\/de\/wp-json\/wp\/v2\/product\/1924"}],"collection":[{"href":"https:\/\/sabo1845.com\/de\/wp-json\/wp\/v2\/product"}],"about":[{"href":"https:\/\/sabo1845.com\/de\/wp-json\/wp\/v2\/types\/product"}],"replies":[{"embeddable":true,"href":"https:\/\/sabo1845.com\/de\/wp-json\/wp\/v2\/comments?post=1924"}],"wp:featuredmedia":[{"embeddable":true,"href":"https:\/\/sabo1845.com\/de\/wp-json\/wp\/v2\/media\/11720"}],"wp:attachment":[{"href":"https:\/\/sabo1845.com\/de\/wp-json\/wp\/v2\/media?parent=1924"}],"wp:term":[{"taxonomy":"product_cat","embeddable":true,"href":"https:\/\/sabo1845.com\/de\/wp-json\/wp\/v2\/product_cat?post=1924"},{"taxonomy":"product_tag","embeddable":true,"href":"https:\/\/sabo1845.com\/de\/wp-json\/wp\/v2\/product_tag?post=1924"}],"curies":[{"name":"wp","href":"https:\/\/api.w.org\/{rel}","templated":true}]}}