{"id":1929,"date":"2020-02-13T14:28:18","date_gmt":"2020-02-13T14:28:18","guid":{"rendered":"http:\/\/rrdesigntn.cluster028.hosting.ovh.net\/ra628947-ovh\/?post_type=product&#038;p=1929"},"modified":"2020-10-26T10:17:00","modified_gmt":"2020-10-26T10:17:00","slug":"lorenzo-nr-5","status":"publish","type":"product","link":"https:\/\/sabo1845.com\/de\/produkt\/lorenzo-nr-5\/","title":{"rendered":"LORENZO N\u00b0 5"},"content":{"rendered":"<p>Dieses EXTRA VERGINE \u00d6l wird aus den gr\u00fcnen Oliven der Sorte &#8220;Nocellara&#8221; hergestellt, die auf hohen H\u00fcgeln wachsen und vor der Pressung sorgf\u00e4ltig entsteint werden. Es entsteht ein \u00d6l mit einem weichen Aroma und einem s\u00fc\u00dfen und delikaten Geschmack und besonderer Dichte. Das Endprodukt, welches einzig aus dem Fruchtfleisch gewonnen wird, ist frei von Tanninen und somit nicht bitter.<\/p>\n","protected":false},"excerpt":{"rendered":"<p>Dieses EXTRA VERGINE \u00d6l wird aus den gr\u00fcnen Oliven der Sorte &#8220;Nocellara&#8221; hergestellt, die auf hohen H\u00fcgeln wachsen und vor<span class=\"excerpt-hellip\"> [\u2026]<\/span><\/p>\n","protected":false},"featured_media":1930,"comment_status":"open","ping_status":"closed","template":"","meta":[],"product_cat":[111],"product_tag":[],"wpr_featured_image":["https:\/\/sabo1845.com\/wp-content\/uploads\/2020\/01\/LORENZO-5-CONFEZIONE-MONO-150x150.png",150,150,true],"_links":{"self":[{"href":"https:\/\/sabo1845.com\/de\/wp-json\/wp\/v2\/product\/1929"}],"collection":[{"href":"https:\/\/sabo1845.com\/de\/wp-json\/wp\/v2\/product"}],"about":[{"href":"https:\/\/sabo1845.com\/de\/wp-json\/wp\/v2\/types\/product"}],"replies":[{"embeddable":true,"href":"https:\/\/sabo1845.com\/de\/wp-json\/wp\/v2\/comments?post=1929"}],"wp:featuredmedia":[{"embeddable":true,"href":"https:\/\/sabo1845.com\/de\/wp-json\/wp\/v2\/media\/1930"}],"wp:attachment":[{"href":"https:\/\/sabo1845.com\/de\/wp-json\/wp\/v2\/media?parent=1929"}],"wp:term":[{"taxonomy":"product_cat","embeddable":true,"href":"https:\/\/sabo1845.com\/de\/wp-json\/wp\/v2\/product_cat?post=1929"},{"taxonomy":"product_tag","embeddable":true,"href":"https:\/\/sabo1845.com\/de\/wp-json\/wp\/v2\/product_tag?post=1929"}],"curies":[{"name":"wp","href":"https:\/\/api.w.org\/{rel}","templated":true}]}}