{"id":1934,"date":"2020-02-11T14:12:43","date_gmt":"2020-02-11T14:12:43","guid":{"rendered":"http:\/\/rrdesigntn.cluster028.hosting.ovh.net\/ra628947-ovh\/?post_type=product&#038;p=1934"},"modified":"2020-10-28T08:44:39","modified_gmt":"2020-10-28T08:44:39","slug":"contadino-novello","status":"publish","type":"product","link":"https:\/\/sabo1845.com\/de\/produkt\/contadino-novello\/","title":{"rendered":"Contadino\/Novello"},"content":{"rendered":"<p>Der Geschmack des \u201cNovello\u201d EXTRA VERGINE erinnert an gr\u00fcne und gesunde Fr\u00fcchte. Das fruchtige Aroma mit einem leicht pikanten Nachgeschmack wird bis zum Fr\u00fchsommer wahrgenommen. Durch l\u00e4ngere Lagerung wird das \u00d6l weicher und somit s\u00fcsser und harmonischer.<\/p>\n","protected":false},"excerpt":{"rendered":"<p>Der Geschmack des \u201cNovello\u201d EXTRA VERGINE erinnert an gr\u00fcne und gesunde Fr\u00fcchte. Das fruchtige Aroma mit einem leicht pikanten Nachgeschmack<span class=\"excerpt-hellip\"> [\u2026]<\/span><\/p>\n","protected":false},"featured_media":3198,"comment_status":"open","ping_status":"closed","template":"","meta":[],"product_cat":[111],"product_tag":[],"wpr_featured_image":["https:\/\/sabo1845.com\/wp-content\/uploads\/2020\/02\/Novello_sito_SM-150x150.jpg",150,150,true],"_links":{"self":[{"href":"https:\/\/sabo1845.com\/de\/wp-json\/wp\/v2\/product\/1934"}],"collection":[{"href":"https:\/\/sabo1845.com\/de\/wp-json\/wp\/v2\/product"}],"about":[{"href":"https:\/\/sabo1845.com\/de\/wp-json\/wp\/v2\/types\/product"}],"replies":[{"embeddable":true,"href":"https:\/\/sabo1845.com\/de\/wp-json\/wp\/v2\/comments?post=1934"}],"wp:featuredmedia":[{"embeddable":true,"href":"https:\/\/sabo1845.com\/de\/wp-json\/wp\/v2\/media\/3198"}],"wp:attachment":[{"href":"https:\/\/sabo1845.com\/de\/wp-json\/wp\/v2\/media?parent=1934"}],"wp:term":[{"taxonomy":"product_cat","embeddable":true,"href":"https:\/\/sabo1845.com\/de\/wp-json\/wp\/v2\/product_cat?post=1934"},{"taxonomy":"product_tag","embeddable":true,"href":"https:\/\/sabo1845.com\/de\/wp-json\/wp\/v2\/product_tag?post=1934"}],"curies":[{"name":"wp","href":"https:\/\/api.w.org\/{rel}","templated":true}]}}