{"id":2092,"date":"2020-02-13T13:31:58","date_gmt":"2020-02-13T13:31:58","guid":{"rendered":"http:\/\/rrdesigntn.cluster028.hosting.ovh.net\/ra628947-ovh\/?post_type=product&#038;p=2092"},"modified":"2020-10-26T10:11:10","modified_gmt":"2020-10-26T10:11:10","slug":"lorenzo-n-1-bio","status":"publish","type":"product","link":"https:\/\/sabo1845.com\/de\/produkt\/lorenzo-n-1-bio\/","title":{"rendered":"LORENZO N\u00b0 1 &#8211; BIO"},"content":{"rendered":"<p>Dieses Monocultivar aus \u00abCerasuola\u00bb Oliven aus biologischem Anbau tr\u00e4gt die gesch\u00fctzte Ursprungsbezeichnung \u00abValli Trapanesi D.O.P.\u00bb. Die namhaftesten D.O.P. Oliven\u00f6le Siziliens stammen aus diesen T\u00e4lern. Das Extra Vergine \u00d6l \u00fcberzeugt durch \u00a0seine intensive Fruchtigkeit mit typischem Duft, welcher an die frischen Fr\u00fcchte und Mandeln erinnert. Es ist vor allem geeignet f\u00fcr Suppen und Eint\u00f6pfe aus H\u00fclsenfr\u00fcchten, rotes Fleisch und Gem\u00fcse.<\/p>\n","protected":false},"excerpt":{"rendered":"<p>Dieses Monocultivar aus \u00abCerasuola\u00bb Oliven aus biologischem Anbau tr\u00e4gt die gesch\u00fctzte Ursprungsbezeichnung \u00abValli Trapanesi D.O.P.\u00bb. Die namhaftesten D.O.P. Oliven\u00f6le Siziliens<span class=\"excerpt-hellip\"> [\u2026]<\/span><\/p>\n","protected":false},"featured_media":2128,"comment_status":"open","ping_status":"closed","template":"","meta":[],"product_cat":[111],"product_tag":[],"wpr_featured_image":["https:\/\/sabo1845.com\/wp-content\/uploads\/2020\/02\/LORENZO-\u00b01-1_SM-150x150.jpg",150,150,true],"_links":{"self":[{"href":"https:\/\/sabo1845.com\/de\/wp-json\/wp\/v2\/product\/2092"}],"collection":[{"href":"https:\/\/sabo1845.com\/de\/wp-json\/wp\/v2\/product"}],"about":[{"href":"https:\/\/sabo1845.com\/de\/wp-json\/wp\/v2\/types\/product"}],"replies":[{"embeddable":true,"href":"https:\/\/sabo1845.com\/de\/wp-json\/wp\/v2\/comments?post=2092"}],"wp:featuredmedia":[{"embeddable":true,"href":"https:\/\/sabo1845.com\/de\/wp-json\/wp\/v2\/media\/2128"}],"wp:attachment":[{"href":"https:\/\/sabo1845.com\/de\/wp-json\/wp\/v2\/media?parent=2092"}],"wp:term":[{"taxonomy":"product_cat","embeddable":true,"href":"https:\/\/sabo1845.com\/de\/wp-json\/wp\/v2\/product_cat?post=2092"},{"taxonomy":"product_tag","embeddable":true,"href":"https:\/\/sabo1845.com\/de\/wp-json\/wp\/v2\/product_tag?post=2092"}],"curies":[{"name":"wp","href":"https:\/\/api.w.org\/{rel}","templated":true}]}}