{"id":2123,"date":"2020-02-13T14:28:29","date_gmt":"2020-02-13T14:28:29","guid":{"rendered":"http:\/\/rrdesigntn.cluster028.hosting.ovh.net\/ra628947-ovh\/?post_type=product&#038;p=2123"},"modified":"2020-10-26T10:13:19","modified_gmt":"2020-10-26T10:13:19","slug":"lorenzo-n-3-2","status":"publish","type":"product","link":"https:\/\/sabo1845.com\/de\/produkt\/lorenzo-n-3-2\/","title":{"rendered":"LORENZO N\u00b0 3 BIO"},"content":{"rendered":"<p>Dieses biologisch hergestellte EXTRA VERGINE \u00d6l wird aus der Olive mit dem wundersch\u00f6nen Namen \u00abBiancolilla\u00bb gewonnen. Biologisch angebaut reifen die Oliven auf 700m \u00fc. Meer. Das Resultat ist ein kr\u00e4ftiges Oliven\u00f6l EXTRA VERGINE mit leichtem Mandelgeschmack, welches sich hervorragend zu frischem K\u00e4se, Gem\u00fcse und Salaten eignet.<\/p>\n<p>&nbsp;<\/p>\n","protected":false},"excerpt":{"rendered":"<p>Dieses biologisch hergestellte EXTRA VERGINE \u00d6l wird aus der Olive mit dem wundersch\u00f6nen Namen \u00abBiancolilla\u00bb gewonnen. Biologisch angebaut reifen die<span class=\"excerpt-hellip\"> [\u2026]<\/span><\/p>\n","protected":false},"featured_media":2124,"comment_status":"open","ping_status":"closed","template":"","meta":[],"product_cat":[111],"product_tag":[],"wpr_featured_image":["https:\/\/sabo1845.com\/wp-content\/uploads\/2020\/02\/LORENZO-\u00b03_SM-150x150.jpg",150,150,true],"_links":{"self":[{"href":"https:\/\/sabo1845.com\/de\/wp-json\/wp\/v2\/product\/2123"}],"collection":[{"href":"https:\/\/sabo1845.com\/de\/wp-json\/wp\/v2\/product"}],"about":[{"href":"https:\/\/sabo1845.com\/de\/wp-json\/wp\/v2\/types\/product"}],"replies":[{"embeddable":true,"href":"https:\/\/sabo1845.com\/de\/wp-json\/wp\/v2\/comments?post=2123"}],"wp:featuredmedia":[{"embeddable":true,"href":"https:\/\/sabo1845.com\/de\/wp-json\/wp\/v2\/media\/2124"}],"wp:attachment":[{"href":"https:\/\/sabo1845.com\/de\/wp-json\/wp\/v2\/media?parent=2123"}],"wp:term":[{"taxonomy":"product_cat","embeddable":true,"href":"https:\/\/sabo1845.com\/de\/wp-json\/wp\/v2\/product_cat?post=2123"},{"taxonomy":"product_tag","embeddable":true,"href":"https:\/\/sabo1845.com\/de\/wp-json\/wp\/v2\/product_tag?post=2123"}],"curies":[{"name":"wp","href":"https:\/\/api.w.org\/{rel}","templated":true}]}}