{"id":2132,"date":"2020-02-12T14:40:43","date_gmt":"2020-02-12T14:40:43","guid":{"rendered":"http:\/\/rrdesigntn.cluster028.hosting.ovh.net\/ra628947-ovh\/?post_type=product&#038;p=2132"},"modified":"2020-10-26T09:36:59","modified_gmt":"2020-10-26T09:36:59","slug":"i-g-p-sicilia-geschenk","status":"publish","type":"product","link":"https:\/\/sabo1845.com\/de\/produkt\/i-g-p-sicilia-geschenk\/","title":{"rendered":"I.G.P. SICILIA Geschenk"},"content":{"rendered":"<p>\u00abDalla Sicilia con amore\u00bb<\/p>\n<p>Das Barbera I.G.P. SICILIA EXTRA VERGINE ist durch lange Tradition und Verbundenheit mit der Region gepr\u00e4gt. Tiefgr\u00fcn mit goldenen Reflexen stellt das \u00d6l mit der typisch sizilianischen Verpackung einen starken Vertreter der Region dar. Es wird aus den Sorten Biancolilla, Nocellara und Cerasuola gepresst.<\/p>\n<p>Es ist leicht und mild im Geschmack und daher besonders f\u00fcr Rohkost, Fisch und Suppen geeignet.<\/p>\n<p>Die Verpackungseinheit im Zylinder enth\u00e4lt eine Glasflasche \u00e0 750ml.<\/p>\n","protected":false},"excerpt":{"rendered":"<p>\u00abDalla Sicilia con amore\u00bb Das Barbera I.G.P. SICILIA EXTRA VERGINE ist durch lange Tradition und Verbundenheit mit der Region gepr\u00e4gt.<span class=\"excerpt-hellip\"> [\u2026]<\/span><\/p>\n","protected":false},"featured_media":2133,"comment_status":"open","ping_status":"closed","template":"","meta":[],"product_cat":[111],"product_tag":[],"wpr_featured_image":["https:\/\/sabo1845.com\/wp-content\/uploads\/2020\/02\/IGP_CILINDRO_giftbox-150x150.jpg",150,150,true],"_links":{"self":[{"href":"https:\/\/sabo1845.com\/de\/wp-json\/wp\/v2\/product\/2132"}],"collection":[{"href":"https:\/\/sabo1845.com\/de\/wp-json\/wp\/v2\/product"}],"about":[{"href":"https:\/\/sabo1845.com\/de\/wp-json\/wp\/v2\/types\/product"}],"replies":[{"embeddable":true,"href":"https:\/\/sabo1845.com\/de\/wp-json\/wp\/v2\/comments?post=2132"}],"wp:featuredmedia":[{"embeddable":true,"href":"https:\/\/sabo1845.com\/de\/wp-json\/wp\/v2\/media\/2133"}],"wp:attachment":[{"href":"https:\/\/sabo1845.com\/de\/wp-json\/wp\/v2\/media?parent=2132"}],"wp:term":[{"taxonomy":"product_cat","embeddable":true,"href":"https:\/\/sabo1845.com\/de\/wp-json\/wp\/v2\/product_cat?post=2132"},{"taxonomy":"product_tag","embeddable":true,"href":"https:\/\/sabo1845.com\/de\/wp-json\/wp\/v2\/product_tag?post=2132"}],"curies":[{"name":"wp","href":"https:\/\/api.w.org\/{rel}","templated":true}]}}